{"id":164,"date":"2018-01-31T11:02:52","date_gmt":"2018-01-31T10:02:52","guid":{"rendered":"http:\/\/ela-asso.be\/?page_id=164"},"modified":"2025-02-19T17:01:32","modified_gmt":"2025-02-19T16:01:32","slug":"leucodystrophies-indeterminees","status":"publish","type":"page","link":"https:\/\/ela-asso.be\/uk\/leucodystrophies\/leucodystrophies-indeterminees\/","title":{"rendered":""},"content":{"rendered":"\t\t<div data-elementor-type=\"wp-page\" data-elementor-id=\"164\" class=\"elementor elementor-164\" data-elementor-post-type=\"page\">\n\t\t\t\t<div class=\"elementor-element elementor-element-12217799 e-flex e-con-boxed e-con e-parent\" data-id=\"12217799\" data-element_type=\"container\" data-e-type=\"container\">\n\t\t\t\t\t<div class=\"e-con-inner\">\n\t\t\t\t<div class=\"elementor-element elementor-element-2620bc83 elementor-widget elementor-widget-text-editor\" data-id=\"2620bc83\" data-element_type=\"widget\" data-e-type=\"widget\" data-widget_type=\"text-editor.default\">\n\t\t\t\t<div class=\"elementor-widget-container\">\n\t\t\t\t\t\t\t\t\t<h3><span style=\"color: #e41871;\">Leucodystrophies ind\u00e9termin\u00e9es<\/span><\/h3><div class=\"descriptifMaladie\"><div class=\"descriptifMaladie\"><p>Les leucodystrophies ind\u00e9termin\u00e9es regroupent des maladies pour lesquelles le g\u00e8ne responsable n\u2019est pas encore identifi\u00e9 ou est en cours d\u2019identification. Elles repr\u00e9senteraient 30% des leucodystrophies.<\/p><p>Les leucodystrophies de cause ind\u00e9termin\u00e9es sont des maladies extr\u00eamement rares qui sont difficiles \u00e0 identifier et \u00e0 diagnostiquer. Parmi elles, on retrouve :<br \/>\u2022 La leucodystrophie pigment\u00e9e orthochromatique<br \/>\u2022 La leucodystrophie avec ataxie progressive, surdit\u00e9 et cardiomyopathie<\/p><p>Dans la majorit\u00e9 des cas, la maladie est tellement rare qu\u2019il est m\u00eame difficile de lui donner un nom.<\/p><\/div><\/div>\t\t\t\t\t\t\t\t<\/div>\n\t\t\t\t<\/div>\n\t\t\t\t\t<\/div>\n\t\t\t\t<\/div>\n\t\t\t\t<\/div>\n\t\t","protected":false},"excerpt":{"rendered":"","protected":false},"author":1,"featured_media":0,"parent":459,"menu_order":0,"comment_status":"closed","ping_status":"closed","template":"","meta":{"footnotes":""},"class_list":["post-164","page","type-page","status-publish","hentry"],"_links":{"self":[{"href":"https:\/\/ela-asso.be\/uk\/wp-json\/wp\/v2\/pages\/164","targetHints":{"allow":["GET"]}}],"collection":[{"href":"https:\/\/ela-asso.be\/uk\/wp-json\/wp\/v2\/pages"}],"about":[{"href":"https:\/\/ela-asso.be\/uk\/wp-json\/wp\/v2\/types\/page"}],"author":[{"embeddable":true,"href":"https:\/\/ela-asso.be\/uk\/wp-json\/wp\/v2\/users\/1"}],"replies":[{"embeddable":true,"href":"https:\/\/ela-asso.be\/uk\/wp-json\/wp\/v2\/comments?post=164"}],"version-history":[{"count":0,"href":"https:\/\/ela-asso.be\/uk\/wp-json\/wp\/v2\/pages\/164\/revisions"}],"up":[{"embeddable":true,"href":"https:\/\/ela-asso.be\/uk\/wp-json\/wp\/v2\/pages\/459"}],"wp:attachment":[{"href":"https:\/\/ela-asso.be\/uk\/wp-json\/wp\/v2\/media?parent=164"}],"curies":[{"name":"wp","href":"https:\/\/api.w.org\/{rel}","templated":true}]}}