{"id":1855,"date":"2019-11-22T15:24:34","date_gmt":"2019-11-22T14:24:34","guid":{"rendered":"http:\/\/ela-asso.be\/?page_id=1855"},"modified":"2025-05-27T10:47:53","modified_gmt":"2025-05-27T08:47:53","slug":"legs-et-donations","status":"publish","type":"page","link":"https:\/\/ela-asso.be\/uk\/nous-soutenir\/legs-et-donations\/","title":{"rendered":""},"content":{"rendered":"\t\t<div data-elementor-type=\"wp-post\" data-elementor-id=\"1855\" class=\"elementor elementor-1855\" data-elementor-post-type=\"page\">\n\t\t\t\t<div class=\"elementor-element elementor-element-df1831a e-con-full e-flex e-con e-parent\" data-id=\"df1831a\" data-element_type=\"container\" data-e-type=\"container\" data-settings=\"{&quot;background_background&quot;:&quot;classic&quot;}\">\n\t\t\t\t<div class=\"elementor-element elementor-element-4fcbe33 elementor-widget elementor-widget-heading\" data-id=\"4fcbe33\" data-element_type=\"widget\" data-e-type=\"widget\" data-widget_type=\"heading.default\">\n\t\t\t\t<div class=\"elementor-widget-container\">\n\t\t\t\t\t<h1 class=\"elementor-heading-title elementor-size-default\">Legs et donations<\/h1>\t\t\t\t<\/div>\n\t\t\t\t<\/div>\n\t\t\t\t<div class=\"elementor-element elementor-element-5f3ff47 elementor-widget elementor-widget-text-editor\" data-id=\"5f3ff47\" data-element_type=\"widget\" data-e-type=\"widget\" data-widget_type=\"text-editor.default\">\n\t\t\t\t<div class=\"elementor-widget-container\">\n\t\t\t\t\t\t\t\t\t<p>Une autre fa\u00e7on de donner, de vos dons naissent nos actions<\/p>\t\t\t\t\t\t\t\t<\/div>\n\t\t\t\t<\/div>\n\t\t\t\t<\/div>\n\t\t\t\t<section class=\"elementor-section elementor-top-section elementor-element elementor-element-b73d9b3 elementor-section-boxed elementor-section-height-default elementor-section-height-default\" data-id=\"b73d9b3\" data-element_type=\"section\" data-e-type=\"section\">\n\t\t\t\t\t\t<div class=\"elementor-container elementor-column-gap-default\">\n\t\t\t\t\t<div class=\"elementor-column elementor-col-100 elementor-top-column elementor-element elementor-element-fa2e146\" data-id=\"fa2e146\" data-element_type=\"column\" data-e-type=\"column\">\n\t\t\t<div class=\"elementor-widget-wrap elementor-element-populated\">\n\t\t\t\t\t\t<div class=\"elementor-element elementor-element-f1a5f36 elementor-widget elementor-widget-heading\" data-id=\"f1a5f36\" data-element_type=\"widget\" data-e-type=\"widget\" data-widget_type=\"heading.default\">\n\t\t\t\t<div class=\"elementor-widget-container\">\n\t\t\t\t\t<h2 class=\"elementor-heading-title elementor-size-default\">Une autre fa\u00e7on de soutenir : legs, donation et assurance-vie. <br>Vous aussi, vous pouvez soutenir ELA et les enfants atteints d'une leucodystrophie<\/h2>\t\t\t\t<\/div>\n\t\t\t\t<\/div>\n\t\t\t\t\t<\/div>\n\t\t<\/div>\n\t\t\t\t\t<\/div>\n\t\t<\/section>\n\t\t\t\t<section class=\"elementor-section elementor-top-section elementor-element elementor-element-17d1c87 elementor-section-boxed elementor-section-height-default elementor-section-height-default\" data-id=\"17d1c87\" data-element_type=\"section\" data-e-type=\"section\">\n\t\t\t\t\t\t<div class=\"elementor-container elementor-column-gap-default\">\n\t\t\t\t\t<div class=\"elementor-column elementor-col-33 elementor-top-column elementor-element elementor-element-cf72c32\" data-id=\"cf72c32\" data-element_type=\"column\" data-e-type=\"column\">\n\t\t\t<div class=\"elementor-widget-wrap elementor-element-populated\">\n\t\t\t\t\t\t<div class=\"elementor-element elementor-element-f3f490e elementor-widget elementor-widget-image\" data-id=\"f3f490e\" data-element_type=\"widget\" data-e-type=\"widget\" data-widget_type=\"image.default\">\n\t\t\t\t<div class=\"elementor-widget-container\">\n\t\t\t\t\t\t\t\t\t\t\t\t\t\t\t<img fetchpriority=\"high\" decoding=\"async\" width=\"212\" height=\"300\" src=\"https:\/\/ela-asso.be\/wp-content\/uploads\/2019\/11\/photolegsetdon.jpg\" class=\"attachment-full size-full wp-image-1857\" alt=\"\" \/>\t\t\t\t\t\t\t\t\t\t\t\t\t\t\t<\/div>\n\t\t\t\t<\/div>\n\t\t\t\t\t<\/div>\n\t\t<\/div>\n\t\t\t\t<div class=\"elementor-column elementor-col-66 elementor-top-column elementor-element elementor-element-7796b81\" data-id=\"7796b81\" data-element_type=\"column\" data-e-type=\"column\">\n\t\t\t<div class=\"elementor-widget-wrap elementor-element-populated\">\n\t\t\t\t\t\t<div class=\"elementor-element elementor-element-a24a6b1 elementor-widget elementor-widget-text-editor\" data-id=\"a24a6b1\" data-element_type=\"widget\" data-e-type=\"widget\" data-widget_type=\"text-editor.default\">\n\t\t\t\t<div class=\"elementor-widget-container\">\n\t\t\t\t\t\t\t\t\t<p style=\"text-align: left;\"><span style=\"color: #e41871; font-family: Roboto, sans-serif; font-size: 20px;\">Rejoignez la grande famille d\u2019ELA en toute confiance et s\u00e9r\u00e9nit\u00e9<\/span><\/p><div id=\"wrapper\"><div class=\"twocolumns clearfix\"><div class=\"twocolumns-holder clearfix\"><div id=\"content\"><div class=\"intro\"><div id=\"wrapper\"><div class=\"twocolumns clearfix\"><div class=\"twocolumns-holder clearfix\"><div id=\"content\"><div id=\"wrapper\"><div class=\"twocolumns clearfix\"><div class=\"twocolumns-holder clearfix\"><div id=\"content\"><p style=\"text-align: left;\">En transmettant vos biens \u00e0 l\u2019association, vous rejoignez la grande famille d\u2019ELA. Votre force s\u2019ajoute \u00e0 la n\u00f4tre et nous aide \u00e0 garder confiance en l\u2019avenir.<\/p><p style=\"text-align: left;\">Gr\u00e2ce \u00e0 votre geste d\u2019amour et de g\u00e9n\u00e9rosit\u00e9, nous pourrons continuer \u00e0 avancer vers un avenir meilleur pour nos enfants, nos conjoints, nos proches.<\/p><p style=\"text-align: left;\">Parce que nous avons conscience qu\u2019il s\u2019agit d\u2019une d\u00e9cision importante n\u00e9cessitant conseils et r\u00e9flexion, un interlocuteur privil\u00e9gi\u00e9 au sein d\u2019ELA r\u00e9pondra \u00e0 vos questions et vous aidera dans chaque \u00e9tape de votre d\u00e9marche.<\/p><\/div><\/div><\/div><\/div><\/div><\/div><\/div><\/div><\/div><\/div><\/div><\/div><\/div>\t\t\t\t\t\t\t\t<\/div>\n\t\t\t\t<\/div>\n\t\t\t\t<div class=\"elementor-element elementor-element-d1c2116 elementor-widget__width-initial elementor-widget elementor-widget-image\" data-id=\"d1c2116\" data-element_type=\"widget\" data-e-type=\"widget\" data-widget_type=\"image.default\">\n\t\t\t\t<div class=\"elementor-widget-container\">\n\t\t\t\t\t\t\t\t\t\t\t\t\t\t\t<img decoding=\"async\" width=\"150\" height=\"150\" src=\"https:\/\/ela-asso.be\/wp-content\/uploads\/2025\/01\/Design-sans-titre-1-2-150x150.png\" class=\"attachment-thumbnail size-thumbnail wp-image-3581\" alt=\"\" srcset=\"https:\/\/ela-asso.be\/wp-content\/uploads\/2025\/01\/Design-sans-titre-1-2-150x150.png 150w, https:\/\/ela-asso.be\/wp-content\/uploads\/2025\/01\/Design-sans-titre-1-2-300x300.png 300w, https:\/\/ela-asso.be\/wp-content\/uploads\/2025\/01\/Design-sans-titre-1-2-100x100.png 100w, https:\/\/ela-asso.be\/wp-content\/uploads\/2025\/01\/Design-sans-titre-1-2.png 551w\" sizes=\"(max-width: 150px) 100vw, 150px\" \/>\t\t\t\t\t\t\t\t\t\t\t\t\t\t\t<\/div>\n\t\t\t\t<\/div>\n\t\t\t\t<div class=\"elementor-element elementor-element-4efb74c elementor-widget elementor-widget-text-editor\" data-id=\"4efb74c\" data-element_type=\"widget\" data-e-type=\"widget\" data-widget_type=\"text-editor.default\">\n\t\t\t\t<div class=\"elementor-widget-container\">\n\t\t\t\t\t\t\t\t\t<div id=\"wrapper\"><div class=\"twocolumns clearfix\"><div class=\"twocolumns-holder clearfix\"><div id=\"content\"><div class=\"intro\"><div id=\"wrapper\"><div class=\"twocolumns clearfix\"><div class=\"twocolumns-holder clearfix\"><div id=\"content\"><div id=\"wrapper\"><div class=\"twocolumns clearfix\"><div class=\"twocolumns-holder clearfix\"><div id=\"content\"><p style=\"text-align: right;\">Ga\u00ebl de Miomandre, Pr\u00e9sident d&#8217;ELA Belgique<\/p><div id=\"wrapper\"><div class=\"twocolumns clearfix\"><div class=\"twocolumns-holder clearfix\"><div id=\"content\"><p style=\"text-align: right;\">Pour toute demande concernant les legs, donations et assurances-vie<br \/>contactez ELA au 0032 4346 0205 ou \u00e0 <a href=\"mailto:info@ela.be\">info@ela.be<\/a><\/p><\/div><\/div><\/div><\/div><\/div><\/div><\/div><\/div><\/div><\/div><\/div><\/div><\/div><\/div><\/div><\/div><\/div>\t\t\t\t\t\t\t\t<\/div>\n\t\t\t\t<\/div>\n\t\t\t\t\t<\/div>\n\t\t<\/div>\n\t\t\t\t\t<\/div>\n\t\t<\/section>\n\t\t\t\t<section class=\"elementor-section elementor-top-section elementor-element elementor-element-492bd08 elementor-section-boxed elementor-section-height-default elementor-section-height-default\" data-id=\"492bd08\" data-element_type=\"section\" data-e-type=\"section\">\n\t\t\t\t\t\t<div class=\"elementor-container elementor-column-gap-default\">\n\t\t\t\t\t<div class=\"elementor-column elementor-col-100 elementor-top-column elementor-element elementor-element-a933344\" data-id=\"a933344\" data-element_type=\"column\" data-e-type=\"column\">\n\t\t\t<div class=\"elementor-widget-wrap elementor-element-populated\">\n\t\t\t\t\t\t\t<\/div>\n\t\t<\/div>\n\t\t\t\t\t<\/div>\n\t\t<\/section>\n\t\t\t\t<section class=\"elementor-section elementor-top-section elementor-element elementor-element-5cd74ab elementor-section-boxed elementor-section-height-default elementor-section-height-default\" data-id=\"5cd74ab\" data-element_type=\"section\" data-e-type=\"section\">\n\t\t\t\t\t\t<div class=\"elementor-container elementor-column-gap-default\">\n\t\t\t\t\t<div class=\"elementor-column elementor-col-100 elementor-top-column elementor-element elementor-element-e9edb16\" data-id=\"e9edb16\" data-element_type=\"column\" data-e-type=\"column\">\n\t\t\t<div class=\"elementor-widget-wrap elementor-element-populated\">\n\t\t\t\t\t\t<div class=\"elementor-element elementor-element-87090c3 elementor-widget elementor-widget-accordion\" data-id=\"87090c3\" data-element_type=\"widget\" data-e-type=\"widget\" data-widget_type=\"accordion.default\">\n\t\t\t\t<div class=\"elementor-widget-container\">\n\t\t\t\t\t\t\t<div class=\"elementor-accordion\">\n\t\t\t\t\t\t\t<div class=\"elementor-accordion-item\">\n\t\t\t\t\t<div id=\"elementor-tab-title-1411\" class=\"elementor-tab-title\" data-tab=\"1\" role=\"button\" aria-controls=\"elementor-tab-content-1411\" aria-expanded=\"false\">\n\t\t\t\t\t\t\t\t\t\t\t\t\t<span class=\"elementor-accordion-icon elementor-accordion-icon-left\" aria-hidden=\"true\">\n\t\t\t\t\t\t\t\t\t\t\t\t\t\t\t<span class=\"elementor-accordion-icon-closed\"><i class=\"fas fa-plus\"><\/i><\/span>\n\t\t\t\t\t\t\t\t<span class=\"elementor-accordion-icon-opened\"><i class=\"fas fa-minus\"><\/i><\/span>\n\t\t\t\t\t\t\t\t\t\t\t\t\t\t<\/span>\n\t\t\t\t\t\t\t\t\t\t\t\t<a class=\"elementor-accordion-title\" tabindex=\"0\">Le Legs<\/a>\n\t\t\t\t\t<\/div>\n\t\t\t\t\t<div id=\"elementor-tab-content-1411\" class=\"elementor-tab-content elementor-clearfix\" data-tab=\"1\" role=\"region\" aria-labelledby=\"elementor-tab-title-1411\"><p>Le legs est un acte juridique qui permet de transmettre son patrimoine apr\u00e8s son d\u00e9c\u00e8s. Il est r\u00e9vocable : vous pouvez \u00e0 tout moment modifier votre testament. Il n\u2019y a pas de petit legs. C\u2019est le geste qui compte. Gr\u00e2ce \u00e0 son statut d\u2019association reconnue d\u2019utilit\u00e9 publique, ELA est totalement exon\u00e9r\u00e9e des droits de succession, quelle que soit la valeur du ou des bien(s) transmis.<\/p><ul><li><strong>Les formes de legs<\/strong><\/li><\/ul><p><strong>Le legs universel<\/strong><\/p><p>Vous l\u00e9guez la totalit\u00e9 de votre patrimoine sans distinction (mobilier et immobilier).<\/p><p><strong>Le legs universel conjoint<\/strong><\/p><p>Vous d\u00e9cidez de l\u00e9guer l\u2019ensemble de vos biens \u00e0 plusieurs l\u00e9gataires universels, sans d\u00e9signer la partie. Lors de la succession, ils auront chacun les m\u00eames droits et obligations.<\/p><p><strong>Le legs \u00e0 <a class=\"glossy\" title=\"\" href=\"https:\/\/ela-asso.com\/les-leucodystrophies\/les-leucodystrophies-cest-quoi\/glossaire\/?lettre=T#Titre\">titre<\/a> universel<\/strong><\/p><p>Vous d\u00e9sirez attribuer une partie ou une quote-part de votre patrimoine, lors de la succession le l\u00e9gataire \u00e0 titre universel est engag\u00e9 \u00e0 concurrence de son legs.<\/p><p><strong>Le legs en duo<\/strong><\/p><p>Le legs en duo est une technique qui consiste &#8211; lorsqu\u2019un testateur laisse comme h\u00e9ritiers des personnes \u00e9loign\u00e9es et donc fortement tax\u00e9es &#8211; \u00e0 l\u00e9guer une partie importante de son patrimoine \u00e0 une association.<\/p><p><strong>Le legs \u00e0 titre particulier<\/strong><\/p><p>Vous l\u00e9guez un bien d\u00e9termin\u00e9, aucun engagement pour le l\u00e9gataire \u00e0 titre particulier lors de la succession.<\/p><ul><li><strong>Que puis-je l\u00e9guer ?<\/strong><\/li><\/ul><p>Vous pouvez l\u00e9guer tout ou partie de vos biens, quels qu\u2019ils soient (meubles, immeubles, \u0153uvres d\u2019art, bijoux, v\u00e9hicules, actions et liquidit\u00e9s\u2026), en respectant bien s\u00fbr la r\u00e8gle de la quotit\u00e9 disponible afin de ne pas l\u00e9ser vos h\u00e9ritiers. Si vous n\u2019avez pas d\u2019h\u00e9ritiers, sans testament, tous vos biens reviennent \u00e0 l\u2019\u00e9tat.<\/p><ul><li><strong>Que dois-je faire pour l\u00e9guer ?<\/strong><\/li><\/ul><p>Vous devez le faire par testament. C\u2019est un geste simple et n\u00e9cessaire.<\/p><p>Il peut rev\u00eatir deux formes :<\/p><p>&#8211; le testament dit \u00ab olographe \u00bb doit \u00eatre enti\u00e8rement r\u00e9dig\u00e9 de votre main, dat\u00e9 et sign\u00e9 par vous. Pour plus de s\u00e9curit\u00e9 dans le respect de vos volont\u00e9s, nous vous conseillons de d\u00e9poser ce testament chez le Notaire de votre choix, lequel le fera inscrire au fichier central des dispositions de derni\u00e8res volont\u00e9s.<\/p><p>&#8211; le testament dit \u00ab authentique \u00bb est r\u00e9dig\u00e9 par le Notaire qui recueille vos volont\u00e9s, en pr\u00e9sence de deux t\u00e9moins.<\/p><\/div>\n\t\t\t\t<\/div>\n\t\t\t\t\t\t\t<div class=\"elementor-accordion-item\">\n\t\t\t\t\t<div id=\"elementor-tab-title-1412\" class=\"elementor-tab-title\" data-tab=\"2\" role=\"button\" aria-controls=\"elementor-tab-content-1412\" aria-expanded=\"false\">\n\t\t\t\t\t\t\t\t\t\t\t\t\t<span class=\"elementor-accordion-icon elementor-accordion-icon-left\" aria-hidden=\"true\">\n\t\t\t\t\t\t\t\t\t\t\t\t\t\t\t<span class=\"elementor-accordion-icon-closed\"><i class=\"fas fa-plus\"><\/i><\/span>\n\t\t\t\t\t\t\t\t<span class=\"elementor-accordion-icon-opened\"><i class=\"fas fa-minus\"><\/i><\/span>\n\t\t\t\t\t\t\t\t\t\t\t\t\t\t<\/span>\n\t\t\t\t\t\t\t\t\t\t\t\t<a class=\"elementor-accordion-title\" tabindex=\"0\">La donation<\/a>\n\t\t\t\t\t<\/div>\n\t\t\t\t\t<div id=\"elementor-tab-content-1412\" class=\"elementor-tab-content elementor-clearfix\" data-tab=\"2\" role=\"region\" aria-labelledby=\"elementor-tab-title-1412\"><p>La donation consiste pour une personne \u00e0 transf\u00e9rer, de son vivant et de fa\u00e7on irr\u00e9vocable, les droits ou la propri\u00e9t\u00e9 d\u2019un bien mobilier ou immobilier \u00e0 une autre personne.<\/p><p>Les donations faites \u00e0 ELA, dont l&rsquo;agr\u00e9ment fiscal a \u00e9t\u00e9 obtenu en 2003, sont d\u00e9ductibles des imp\u00f4ts si elles sont sup\u00e9rieures \u00e0 40\u20ac.<\/p><ul><li><strong>Les types de donation<\/strong><\/li><\/ul><p><strong>En pleine propri\u00e9t\u00e9<\/strong><\/p><p>Le bien est int\u00e9gralement transmis \u00e0 l\u2019association qui en devient d\u00e9finitivement propri\u00e9taire.<\/p><p><strong>En nue-propri\u00e9t\u00e9 avec r\u00e9serve d\u2019usufruit<\/strong><\/p><p>ELA devient d\u00e9finitivement propri\u00e9taire du bien mais vous, ou quelqu\u2019un que vous d\u00e9signez, l\u2019utilise ou en per\u00e7oit les fruits, pendant une dur\u00e9e d\u00e9termin\u00e9e. Attention, c\u2019est l\u2019usufruitier qui est redevable de l\u2019Imp\u00f4t de Solidarit\u00e9 sur la Fortune (ISF) s\u2019il y a lieu.<\/p><p><strong>En usufruit<\/strong><\/p><p>Vous restez propri\u00e9taire mais ELA peut utiliser le bien (percevoir les fruits de la location d\u2019un appartement ou les dividendes d\u2019une action). Dans ce cas, le bien sort de l\u2019assiette de l\u2019ISF si vous y \u00eates assujetti.<\/p><ul><li><strong>La forme de l\u2019acte<\/strong><\/li><\/ul><p>Une donation, pour \u00eatre valable, doit \u00eatre faite devant notaire et tenir compte de la r\u00e9serve h\u00e9r\u00e9ditaire. Un acte de donation r\u00e9dig\u00e9 sur papier libre n&rsquo;a aucune valeur.<\/p><\/div>\n\t\t\t\t<\/div>\n\t\t\t\t\t\t\t<div class=\"elementor-accordion-item\">\n\t\t\t\t\t<div id=\"elementor-tab-title-1413\" class=\"elementor-tab-title\" data-tab=\"3\" role=\"button\" aria-controls=\"elementor-tab-content-1413\" aria-expanded=\"false\">\n\t\t\t\t\t\t\t\t\t\t\t\t\t<span class=\"elementor-accordion-icon elementor-accordion-icon-left\" aria-hidden=\"true\">\n\t\t\t\t\t\t\t\t\t\t\t\t\t\t\t<span class=\"elementor-accordion-icon-closed\"><i class=\"fas fa-plus\"><\/i><\/span>\n\t\t\t\t\t\t\t\t<span class=\"elementor-accordion-icon-opened\"><i class=\"fas fa-minus\"><\/i><\/span>\n\t\t\t\t\t\t\t\t\t\t\t\t\t\t<\/span>\n\t\t\t\t\t\t\t\t\t\t\t\t<a class=\"elementor-accordion-title\" tabindex=\"0\">L'assurance vie<\/a>\n\t\t\t\t\t<\/div>\n\t\t\t\t\t<div id=\"elementor-tab-content-1413\" class=\"elementor-tab-content elementor-clearfix\" data-tab=\"3\" role=\"region\" aria-labelledby=\"elementor-tab-title-1413\"><p>L\u2019assurance-vie est un contrat d\u2019\u00e9pargne souple qui vous permet de constituer ou de valoriser un capital, et de transmettre un capital \u00e0 un b\u00e9n\u00e9ficiaire.<\/p><p>Vous pouvez choisir de nommer l\u2019association ELA comme b\u00e9n\u00e9ficiaire unique ou comme b\u00e9n\u00e9ficiaire parmi d\u2019autres, en pr\u00e9cisant la quote-part que vous souhaitez lui attribuer. C\u2019est un moyen simple, s\u00fbr et efficace d\u2019aider ELA.<\/p><ul><li><strong>Comment proc\u00e9der ?<\/strong><\/li><\/ul><p>\u00c0 la souscription du contrat d\u2019assurance-vie : vous d\u00e9signez ELA comme \u00e9tant le ou l\u2019un des b\u00e9n\u00e9ficiaires de votre contrat.<\/p><p>Si vous poss\u00e9dez d\u00e9j\u00e0 un contrat : vous pouvez, soit en ouvrir un second, soit modifier votre contrat existant par un avenant d\u00e9signant ELA comme b\u00e9n\u00e9ficiaire. Dans tous les cas, vous pouvez d\u00e9signer un ou plusieurs b\u00e9n\u00e9ficiaires de votre assurance-vie.<\/p><p>Rentabilit\u00e9 :<\/p><p>Il existe diff\u00e9rents supports financiers dans lesquels vous pouvez investir votre contrat. Votre banquier ou votre assureur vous conseilleront sur le choix \u00e0 faire.<\/p><\/div>\n\t\t\t\t<\/div>\n\t\t\t\t\t\t\t\t<\/div>\n\t\t\t\t\t\t<\/div>\n\t\t\t\t<\/div>\n\t\t\t\t\t<\/div>\n\t\t<\/div>\n\t\t\t\t\t<\/div>\n\t\t<\/section>\n\t\t\t\t<\/div>\n\t\t","protected":false},"excerpt":{"rendered":"","protected":false},"author":5,"featured_media":0,"parent":602,"menu_order":0,"comment_status":"closed","ping_status":"closed","template":"","meta":{"footnotes":""},"class_list":["post-1855","page","type-page","status-publish","hentry"],"_links":{"self":[{"href":"https:\/\/ela-asso.be\/uk\/wp-json\/wp\/v2\/pages\/1855","targetHints":{"allow":["GET"]}}],"collection":[{"href":"https:\/\/ela-asso.be\/uk\/wp-json\/wp\/v2\/pages"}],"about":[{"href":"https:\/\/ela-asso.be\/uk\/wp-json\/wp\/v2\/types\/page"}],"author":[{"embeddable":true,"href":"https:\/\/ela-asso.be\/uk\/wp-json\/wp\/v2\/users\/5"}],"replies":[{"embeddable":true,"href":"https:\/\/ela-asso.be\/uk\/wp-json\/wp\/v2\/comments?post=1855"}],"version-history":[{"count":1,"href":"https:\/\/ela-asso.be\/uk\/wp-json\/wp\/v2\/pages\/1855\/revisions"}],"predecessor-version":[{"id":5531,"href":"https:\/\/ela-asso.be\/uk\/wp-json\/wp\/v2\/pages\/1855\/revisions\/5531"}],"up":[{"embeddable":true,"href":"https:\/\/ela-asso.be\/uk\/wp-json\/wp\/v2\/pages\/602"}],"wp:attachment":[{"href":"https:\/\/ela-asso.be\/uk\/wp-json\/wp\/v2\/media?parent=1855"}],"curies":[{"name":"wp","href":"https:\/\/api.w.org\/{rel}","templated":true}]}}