{"id":208,"date":"2018-01-31T11:22:55","date_gmt":"2018-01-31T10:22:55","guid":{"rendered":"http:\/\/ela-asso.be\/?page_id=208"},"modified":"2026-02-03T14:49:49","modified_gmt":"2026-02-03T13:49:49","slug":"mets-tes-baskets-en-entreprise","status":"publish","type":"page","link":"https:\/\/ela-asso.be\/uk\/actions\/mets-tes-baskets-en-entreprise\/","title":{"rendered":""},"content":{"rendered":"\t\t<div data-elementor-type=\"wp-page\" data-elementor-id=\"208\" class=\"elementor elementor-208\" data-elementor-post-type=\"page\">\n\t\t\t\t<div class=\"elementor-element elementor-element-56f37d26 e-con-full e-flex e-con e-parent\" data-id=\"56f37d26\" data-element_type=\"container\" data-e-type=\"container\" data-settings=\"{&quot;background_background&quot;:&quot;classic&quot;}\">\n\t\t\t\t<div class=\"elementor-element elementor-element-44a150f2 elementor-widget elementor-widget-heading\" data-id=\"44a150f2\" data-element_type=\"widget\" data-e-type=\"widget\" data-widget_type=\"heading.default\">\n\t\t\t\t<div class=\"elementor-widget-container\">\n\t\t\t\t\t<h1 class=\"elementor-heading-title elementor-size-default\">Mets tes baskets dans l'entreprise<\/h1>\t\t\t\t<\/div>\n\t\t\t\t<\/div>\n\t\t\t\t<div class=\"elementor-element elementor-element-42885c3e elementor-widget elementor-widget-text-editor\" data-id=\"42885c3e\" data-element_type=\"widget\" data-e-type=\"widget\" data-widget_type=\"text-editor.default\">\n\t\t\t\t<div class=\"elementor-widget-container\">\n\t\t\t\t\t\t\t\t\t<p>Mobilisez vos collaborateurs et faites le plus de pas possible pour aider les enfants malades !<\/p>\t\t\t\t\t\t\t\t<\/div>\n\t\t\t\t<\/div>\n\t\t\t\t<\/div>\n\t\t<div class=\"elementor-element elementor-element-6cd7930 e-con-full e-flex e-con e-parent\" data-id=\"6cd7930\" data-element_type=\"container\" data-e-type=\"container\" data-settings=\"{&quot;background_background&quot;:&quot;classic&quot;}\">\n\t\t\t\t<div class=\"elementor-element elementor-element-ba5c455 elementor-widget elementor-widget-image\" data-id=\"ba5c455\" data-element_type=\"widget\" data-e-type=\"widget\" data-widget_type=\"image.default\">\n\t\t\t\t<div class=\"elementor-widget-container\">\n\t\t\t\t\t\t\t\t\t\t\t\t\t\t\t<img decoding=\"async\" width=\"288\" height=\"151\" src=\"https:\/\/ela-asso.be\/wp-content\/uploads\/2025\/02\/Logo-MTBE-2022.jpg\" class=\"attachment-large size-large wp-image-3966\" alt=\"\" \/>\t\t\t\t\t\t\t\t\t\t\t\t\t\t\t<\/div>\n\t\t\t\t<\/div>\n\t\t\t\t<div class=\"elementor-element elementor-element-fdb8093 elementor-widget elementor-widget-heading\" data-id=\"fdb8093\" data-element_type=\"widget\" data-e-type=\"widget\" data-widget_type=\"heading.default\">\n\t\t\t\t<div class=\"elementor-widget-container\">\n\t\t\t\t\t<h2 class=\"elementor-heading-title elementor-size-default\">Plus vous marchez, plus ELA avance\u00a0!<\/h2>\t\t\t\t<\/div>\n\t\t\t\t<\/div>\n\t\t\t\t<div class=\"elementor-element elementor-element-afb63f4 elementor-widget elementor-widget-text-editor\" data-id=\"afb63f4\" data-element_type=\"widget\" data-e-type=\"widget\" data-widget_type=\"text-editor.default\">\n\t\t\t\t<div class=\"elementor-widget-container\">\n\t\t\t\t\t\t\t\t\t<p class=\"intro\">Rejoignez la plus belle \u00e9quipe du monde : celle des entreprises qui marchent pour soutenir les enfants atteints de leucodystrophie !<\/p>\t\t\t\t\t\t\t\t<\/div>\n\t\t\t\t<\/div>\n\t\t\t\t<\/div>\n\t\t<div class=\"elementor-element elementor-element-25dfedd e-flex e-con-boxed e-con e-parent\" data-id=\"25dfedd\" data-element_type=\"container\" data-e-type=\"container\">\n\t\t\t\t\t<div class=\"e-con-inner\">\n\t\t<div class=\"elementor-element elementor-element-8a6e35e e-con-full e-flex e-con e-child\" data-id=\"8a6e35e\" data-element_type=\"container\" data-e-type=\"container\">\n\t\t\t\t<div class=\"elementor-element elementor-element-92b0a5b elementor-widget elementor-widget-video\" data-id=\"92b0a5b\" data-element_type=\"widget\" data-e-type=\"widget\" data-settings=\"{&quot;video_type&quot;:&quot;hosted&quot;,&quot;controls&quot;:&quot;yes&quot;}\" data-widget_type=\"video.default\">\n\t\t\t\t<div class=\"elementor-widget-container\">\n\t\t\t\t\t\t\t<div class=\"e-hosted-video elementor-wrapper elementor-open-inline\">\n\t\t\t\t\t<video class=\"elementor-video\" src=\"https:\/\/ela-asso.be\/wp-content\/uploads\/2025\/02\/ELA-SPOT-Belgique.mp4\" controls=\"\" preload=\"metadata\" controlsList=\"nodownload\"><\/video>\n\t\t\t\t<\/div>\n\t\t\t\t\t\t<\/div>\n\t\t\t\t<\/div>\n\t\t\t\t<\/div>\n\t\t\t\t<div class=\"elementor-element elementor-element-fd22ccb elementor-widget elementor-widget-heading\" data-id=\"fd22ccb\" data-element_type=\"widget\" data-e-type=\"widget\" data-widget_type=\"heading.default\">\n\t\t\t\t<div class=\"elementor-widget-container\">\n\t\t\t\t\t<h2 class=\"elementor-heading-title elementor-size-default\">Comment \u00e7a marche ?<\/h2>\t\t\t\t<\/div>\n\t\t\t\t<\/div>\n\t\t\t\t<div class=\"elementor-element elementor-element-85854d6 elementor-view-default elementor-widget elementor-widget-icon\" data-id=\"85854d6\" data-element_type=\"widget\" data-e-type=\"widget\" data-widget_type=\"icon.default\">\n\t\t\t\t<div class=\"elementor-widget-container\">\n\t\t\t\t\t\t\t<div class=\"elementor-icon-wrapper\">\n\t\t\t<div class=\"elementor-icon\">\n\t\t\t<svg xmlns=\"http:\/\/www.w3.org\/2000\/svg\" xmlns:xlink=\"http:\/\/www.w3.org\/1999\/xlink\" id=\"Calque_1\" x=\"0px\" y=\"0px\" viewBox=\"0 0 100 16.4\" style=\"enable-background:new 0 0 100 16.4;\" xml:space=\"preserve\"><path d=\"M84.2,8.3c-5.3-0.2-7.5,8-13.2,3.9c-12.1-1.1-22.2,6.4-32.9,2.4c-2.7,1.6-6.5,1.8-9.3,0.9c-2.5-1.8-1.8-5.2-4.9-5.7 c-3.6,4.5-7.8,0.6-10.3-1.8l-0.3-0.3c11.2-8.8,29.7-6,44.1-3.4c8.4-1.2,17.1,1,26.1,0.3C85.1,5.5,84.8,7,84.2,8.3L84.2,8.3z\"><\/path><\/svg>\t\t\t<\/div>\n\t\t<\/div>\n\t\t\t\t\t\t<\/div>\n\t\t\t\t<\/div>\n\t\t\t\t<div class=\"elementor-element elementor-element-e4668d9 elementor-widget elementor-widget-text-editor\" data-id=\"e4668d9\" data-element_type=\"widget\" data-e-type=\"widget\" data-widget_type=\"text-editor.default\">\n\t\t\t\t<div class=\"elementor-widget-container\">\n\t\t\t\t\t\t\t\t\t<p>Votre don : <strong>1 pas = 1 centime d\u2019euro pour ELA<\/strong> ou un don libre \u00e0 l\u2019association.<\/p><p>Un objectif unique : faire le plus de pas possible pour les enfants d\u2019ELA.<\/p>\t\t\t\t\t\t\t\t<\/div>\n\t\t\t\t<\/div>\n\t\t\t\t<div class=\"elementor-element elementor-element-93a4bbd elementor-align-center elementor-widget elementor-widget-button\" data-id=\"93a4bbd\" data-element_type=\"widget\" data-e-type=\"widget\" data-widget_type=\"button.default\">\n\t\t\t\t<div class=\"elementor-widget-container\">\n\t\t\t\t\t\t\t\t\t<div class=\"elementor-button-wrapper\">\n\t\t\t\t\t<a class=\"elementor-button elementor-button-link elementor-size-sm\" href=\"https:\/\/ela-asso.be\/wp-content\/uploads\/2025\/02\/Plaquette-MTBE-2025.pdf\" target=\"_blank\">\n\t\t\t\t\t\t<span class=\"elementor-button-content-wrapper\">\n\t\t\t\t\t\t\t\t\t<span class=\"elementor-button-text\">T\u00e9l\u00e9charger la plaquette <\/span>\n\t\t\t\t\t<\/span>\n\t\t\t\t\t<\/a>\n\t\t\t\t<\/div>\n\t\t\t\t\t\t\t\t<\/div>\n\t\t\t\t<\/div>\n\t\t\t\t\t<\/div>\n\t\t\t\t<\/div>\n\t\t<div class=\"elementor-element elementor-element-e507def e-flex e-con-boxed e-con e-parent\" data-id=\"e507def\" data-element_type=\"container\" data-e-type=\"container\">\n\t\t\t\t\t<div class=\"e-con-inner\">\n\t\t<div class=\"elementor-element elementor-element-a34b4db e-con-full e-flex e-con e-child\" data-id=\"a34b4db\" data-element_type=\"container\" data-e-type=\"container\">\n\t\t\t\t<div class=\"elementor-element elementor-element-9c2d676 elementor-widget elementor-widget-text-editor\" data-id=\"9c2d676\" data-element_type=\"widget\" data-e-type=\"widget\" data-widget_type=\"text-editor.default\">\n\t\t\t\t<div class=\"elementor-widget-container\">\n\t\t\t\t\t\t\t\t\t<h3 class=\"heading\">Une op\u00e9ration cl\u00e9s en main<\/h3><p>Nous mettons \u00e0 votre disposition un kit d\u2019organisation qui vous permettra de :<br \/>\u2022\u00a0faciliter la pr\u00e9paration et le d\u00e9ploiement de votre op\u00e9ration,<br \/>\u2022\u00a0sensibiliser et mobiliser vos collaborateurs et de communiquer sur votre engagement.<\/p><p>Ce kit comprend notamment : un guide pratique des animations, des supports de communication num\u00e9rique et \u00e0 imprimer, le mode d\u2019emploi de l\u2019application, des goodies.<\/p><p><span style=\"color: #e41871;\">l\u2019application \u201cMets tes baskets\u201d<\/span> permet \u00e0 tous vos collaborateurs de participer au challenge, sur site ou en t\u00e9l\u00e9travail.<\/p><p style=\"text-align: left;\"><em>* Le don effectu\u00e9 par l\u2019entreprise est d\u00e9fiscalisable selon les conditions en vigueur.<\/em><\/p>\t\t\t\t\t\t\t\t<\/div>\n\t\t\t\t<\/div>\n\t\t\t\t<\/div>\n\t\t<div class=\"elementor-element elementor-element-ba8523f e-con-full e-flex e-con e-child\" data-id=\"ba8523f\" data-element_type=\"container\" data-e-type=\"container\">\n\t\t\t\t<div class=\"elementor-element elementor-element-a22e104 elementor-widget elementor-widget-image\" data-id=\"a22e104\" data-element_type=\"widget\" data-e-type=\"widget\" data-widget_type=\"image.default\">\n\t\t\t\t<div class=\"elementor-widget-container\">\n\t\t\t\t\t\t\t\t\t\t\t\t\t\t\t<img fetchpriority=\"high\" decoding=\"async\" width=\"522\" height=\"355\" src=\"https:\/\/ela-asso.be\/wp-content\/uploads\/2025\/01\/App-MTBE.jpg\" class=\"attachment-large size-large wp-image-3238\" alt=\"\" srcset=\"https:\/\/ela-asso.be\/wp-content\/uploads\/2025\/01\/App-MTBE.jpg 522w, https:\/\/ela-asso.be\/wp-content\/uploads\/2025\/01\/App-MTBE-300x204.jpg 300w\" sizes=\"(max-width: 522px) 100vw, 522px\" \/>\t\t\t\t\t\t\t\t\t\t\t\t\t\t\t<\/div>\n\t\t\t\t<\/div>\n\t\t\t\t<\/div>\n\t\t\t\t\t<\/div>\n\t\t\t\t<\/div>\n\t\t<div class=\"elementor-element elementor-element-b41cb22 e-flex e-con-boxed e-con e-parent\" data-id=\"b41cb22\" data-element_type=\"container\" data-e-type=\"container\">\n\t\t\t\t\t<div class=\"e-con-inner\">\n\t\t\t\t<div class=\"elementor-element elementor-element-ad07fcd elementor-widget elementor-widget-spacer\" data-id=\"ad07fcd\" data-element_type=\"widget\" data-e-type=\"widget\" data-widget_type=\"spacer.default\">\n\t\t\t\t<div class=\"elementor-widget-container\">\n\t\t\t\t\t\t\t<div class=\"elementor-spacer\">\n\t\t\t<div class=\"elementor-spacer-inner\"><\/div>\n\t\t<\/div>\n\t\t\t\t\t\t<\/div>\n\t\t\t\t<\/div>\n\t\t\t\t<div class=\"elementor-element elementor-element-1f88c63 elementor-widget elementor-widget-heading\" data-id=\"1f88c63\" data-element_type=\"widget\" data-e-type=\"widget\" data-widget_type=\"heading.default\">\n\t\t\t\t<div class=\"elementor-widget-container\">\n\t\t\t\t\t<h2 class=\"elementor-heading-title elementor-size-default\"><h2><strong>Faites rayonner vos engagements RSE avec ELA<\/strong><span style=\"font-size: 2.3rem;text-align: var(--text-align)\"><\/span><\/h2><\/h2>\t\t\t\t<\/div>\n\t\t\t\t<\/div>\n\t\t\t\t<div class=\"elementor-element elementor-element-838dabd elementor-view-default elementor-widget elementor-widget-icon\" data-id=\"838dabd\" data-element_type=\"widget\" data-e-type=\"widget\" data-widget_type=\"icon.default\">\n\t\t\t\t<div class=\"elementor-widget-container\">\n\t\t\t\t\t\t\t<div class=\"elementor-icon-wrapper\">\n\t\t\t<div class=\"elementor-icon\">\n\t\t\t<svg xmlns=\"http:\/\/www.w3.org\/2000\/svg\" xmlns:xlink=\"http:\/\/www.w3.org\/1999\/xlink\" id=\"Calque_1\" x=\"0px\" y=\"0px\" viewBox=\"0 0 100 16.4\" style=\"enable-background:new 0 0 100 16.4;\" xml:space=\"preserve\"><path d=\"M84.2,8.3c-5.3-0.2-7.5,8-13.2,3.9c-12.1-1.1-22.2,6.4-32.9,2.4c-2.7,1.6-6.5,1.8-9.3,0.9c-2.5-1.8-1.8-5.2-4.9-5.7 c-3.6,4.5-7.8,0.6-10.3-1.8l-0.3-0.3c11.2-8.8,29.7-6,44.1-3.4c8.4-1.2,17.1,1,26.1,0.3C85.1,5.5,84.8,7,84.2,8.3L84.2,8.3z\"><\/path><\/svg>\t\t\t<\/div>\n\t\t<\/div>\n\t\t\t\t\t\t<\/div>\n\t\t\t\t<\/div>\n\t\t\t\t<div class=\"elementor-element elementor-element-907cb46 elementor-widget elementor-widget-text-editor\" data-id=\"907cb46\" data-element_type=\"widget\" data-e-type=\"widget\" data-widget_type=\"text-editor.default\">\n\t\t\t\t<div class=\"elementor-widget-container\">\n\t\t\t\t\t\t\t\t\t<p>En participant au challenge \u201cMets tes baskets dans l\u2019Entreprise\u201d, vous soutenez la cause d\u2019ELA, <span style=\"color: #e42871;\">renforcez la coh\u00e9sion de vos \u00e9quipes<\/span> tout en d\u00e9ployant votre <span style=\"color: #e42871;\">strat\u00e9gie RSE avec impact<\/span>. Invit\u00e9s \u00e0 <span style=\"text-decoration: underline;\">prendre les escaliers<\/span> au lieu des ascenseurs, \u00e0 limiter les mails et \u00e0 <span style=\"text-decoration: underline;\">valoriser les \u00e9changes directs<\/span>, les diff\u00e9rents services se rassemblent autour d\u2019un objectif commun :\u00a0<strong>faire le plus de pas possible.<\/strong><\/p>\t\t\t\t\t\t\t\t<\/div>\n\t\t\t\t<\/div>\n\t\t\t\t\t<\/div>\n\t\t\t\t<\/div>\n\t\t<div class=\"elementor-element elementor-element-86dea95 e-flex e-con-boxed e-con e-parent\" data-id=\"86dea95\" data-element_type=\"container\" data-e-type=\"container\">\n\t\t\t\t\t<div class=\"e-con-inner\">\n\t\t<div class=\"elementor-element elementor-element-4eaa475 e-con-full e-flex e-con e-child\" data-id=\"4eaa475\" data-element_type=\"container\" data-e-type=\"container\">\n\t\t\t\t<div class=\"elementor-element elementor-element-2e1cb77 elementor-widget__width-initial elementor-widget elementor-widget-image\" data-id=\"2e1cb77\" data-element_type=\"widget\" data-e-type=\"widget\" data-widget_type=\"image.default\">\n\t\t\t\t<div class=\"elementor-widget-container\">\n\t\t\t\t\t\t\t\t\t\t\t\t\t\t\t<img decoding=\"async\" src=\"https:\/\/ela-asso.be\/wp-content\/uploads\/2025\/02\/Miniature-parc.jpg\" title=\"\" alt=\"\" loading=\"lazy\" \/>\t\t\t\t\t\t\t\t\t\t\t\t\t\t\t<\/div>\n\t\t\t\t<\/div>\n\t\t\t\t<div class=\"elementor-element elementor-element-68bf249 elementor-widget__width-initial elementor-widget elementor-widget-text-editor\" data-id=\"68bf249\" data-element_type=\"widget\" data-e-type=\"widget\" data-widget_type=\"text-editor.default\">\n\t\t\t\t<div class=\"elementor-widget-container\">\n\t\t\t\t\t\t\t\t\t<h3 style=\"text-align: left;\">Illustrez votre engagement environnemental<\/h3><p>\u2022 Modifiez les comportements en privil\u00e9giant la <strong>marche \u00e0 pied<\/strong><br \/>\u2022 Interpellez les collaborateurs sur leur <strong>empreinte carbone<\/strong><\/p>\t\t\t\t\t\t\t\t<\/div>\n\t\t\t\t<\/div>\n\t\t\t\t<\/div>\n\t\t<div class=\"elementor-element elementor-element-ce4443b e-con-full e-flex e-con e-child\" data-id=\"ce4443b\" data-element_type=\"container\" data-e-type=\"container\">\n\t\t\t\t<div class=\"elementor-element elementor-element-670a817 elementor-widget elementor-widget-image\" data-id=\"670a817\" data-element_type=\"widget\" data-e-type=\"widget\" data-widget_type=\"image.default\">\n\t\t\t\t<div class=\"elementor-widget-container\">\n\t\t\t\t\t\t\t\t\t\t\t\t\t\t\t<img decoding=\"async\" src=\"https:\/\/ela-asso.be\/wp-content\/uploads\/2025\/02\/Miniature-cohesion.jpg\" title=\"\" alt=\"\" loading=\"lazy\" \/>\t\t\t\t\t\t\t\t\t\t\t\t\t\t\t<\/div>\n\t\t\t\t<\/div>\n\t\t\t\t<div class=\"elementor-element elementor-element-905ee79 elementor-widget elementor-widget-text-editor\" data-id=\"905ee79\" data-element_type=\"widget\" data-e-type=\"widget\" data-widget_type=\"text-editor.default\">\n\t\t\t\t<div class=\"elementor-widget-container\">\n\t\t\t\t\t\t\t\t\t<h3>Valorisez votre engagement social<\/h3><p>\u2022 Cultivez <strong>l\u2019esprit de groupe<\/strong> et f\u00e9d\u00e9rez les \u00e9quipes<br \/>\u2022 Valorisez l\u2019<strong>action solidaire<\/strong> de vos \u00e9quipes<br \/>\u2022 Menez une action pr\u00e9ventive, accessible \u00e0 tous, pour encourager l\u2019activit\u00e9 physique en faveur de<strong> la sant\u00e9 et du bien-\u00eatre.<\/strong><\/p>\t\t\t\t\t\t\t\t<\/div>\n\t\t\t\t<\/div>\n\t\t\t\t<\/div>\n\t\t<div class=\"elementor-element elementor-element-e3879d5 e-con-full e-flex e-con e-child\" data-id=\"e3879d5\" data-element_type=\"container\" data-e-type=\"container\">\n\t\t\t\t<div class=\"elementor-element elementor-element-0a8609e elementor-widget elementor-widget-image\" data-id=\"0a8609e\" data-element_type=\"widget\" data-e-type=\"widget\" data-widget_type=\"image.default\">\n\t\t\t\t<div class=\"elementor-widget-container\">\n\t\t\t\t\t\t\t\t\t\t\t\t\t\t\t<img decoding=\"async\" src=\"https:\/\/ela-asso.be\/wp-content\/uploads\/2025\/02\/Miniature-handicap.jpg\" title=\"\" alt=\"\" loading=\"lazy\" \/>\t\t\t\t\t\t\t\t\t\t\t\t\t\t\t<\/div>\n\t\t\t\t<\/div>\n\t\t\t\t<div class=\"elementor-element elementor-element-89e4243 elementor-widget elementor-widget-text-editor\" data-id=\"89e4243\" data-element_type=\"widget\" data-e-type=\"widget\" data-widget_type=\"text-editor.default\">\n\t\t\t\t<div class=\"elementor-widget-container\">\n\t\t\t\t\t\t\t\t\t<h3 class=\"heading\">Dynamisez votre engagement soci\u00e9tal<\/h3><p>\u2022 Sensibilisez au handicap et luttez contre les <strong>discriminations<\/strong><br \/>\u2022 Mobilisez en faveur de <strong>la diversit\u00e9 et de l\u2019inclusivit\u00e9<\/strong><br \/>\u2022 Encouragez <strong>la solidarit\u00e9<\/strong> envers les plus vuln\u00e9rables<\/p>\t\t\t\t\t\t\t\t<\/div>\n\t\t\t\t<\/div>\n\t\t\t\t<\/div>\n\t\t\t\t\t<\/div>\n\t\t\t\t<\/div>\n\t\t<div class=\"elementor-element elementor-element-f089073 e-flex e-con-boxed e-con e-parent\" data-id=\"f089073\" data-element_type=\"container\" data-e-type=\"container\">\n\t\t\t\t\t<div class=\"e-con-inner\">\n\t\t\t\t<div class=\"elementor-element elementor-element-94f9aed elementor-widget elementor-widget-heading\" data-id=\"94f9aed\" data-element_type=\"widget\" data-e-type=\"widget\" data-widget_type=\"heading.default\">\n\t\t\t\t<div class=\"elementor-widget-container\">\n\t\t\t\t\t<h2 class=\"elementor-heading-title elementor-size-default\">D\u00e9couvrez l'utilisation des dons<\/h2>\t\t\t\t<\/div>\n\t\t\t\t<\/div>\n\t\t\t\t<div class=\"elementor-element elementor-element-9f88b6e elementor-widget elementor-widget-spacer\" data-id=\"9f88b6e\" data-element_type=\"widget\" data-e-type=\"widget\" data-widget_type=\"spacer.default\">\n\t\t\t\t<div class=\"elementor-widget-container\">\n\t\t\t\t\t\t\t<div class=\"elementor-spacer\">\n\t\t\t<div class=\"elementor-spacer-inner\"><\/div>\n\t\t<\/div>\n\t\t\t\t\t\t<\/div>\n\t\t\t\t<\/div>\n\t\t\t\t<div class=\"elementor-element elementor-element-37cde99 elementor-view-default elementor-widget elementor-widget-icon\" data-id=\"37cde99\" data-element_type=\"widget\" data-e-type=\"widget\" data-widget_type=\"icon.default\">\n\t\t\t\t<div class=\"elementor-widget-container\">\n\t\t\t\t\t\t\t<div class=\"elementor-icon-wrapper\">\n\t\t\t<div class=\"elementor-icon\">\n\t\t\t<svg xmlns=\"http:\/\/www.w3.org\/2000\/svg\" xmlns:xlink=\"http:\/\/www.w3.org\/1999\/xlink\" id=\"Calque_1\" x=\"0px\" y=\"0px\" viewBox=\"0 0 100 16.4\" style=\"enable-background:new 0 0 100 16.4;\" xml:space=\"preserve\"><path d=\"M84.2,8.3c-5.3-0.2-7.5,8-13.2,3.9c-12.1-1.1-22.2,6.4-32.9,2.4c-2.7,1.6-6.5,1.8-9.3,0.9c-2.5-1.8-1.8-5.2-4.9-5.7 c-3.6,4.5-7.8,0.6-10.3-1.8l-0.3-0.3c11.2-8.8,29.7-6,44.1-3.4c8.4-1.2,17.1,1,26.1,0.3C85.1,5.5,84.8,7,84.2,8.3L84.2,8.3z\"><\/path><\/svg>\t\t\t<\/div>\n\t\t<\/div>\n\t\t\t\t\t\t<\/div>\n\t\t\t\t<\/div>\n\t\t\t\t<div class=\"elementor-element elementor-element-f7b2cae elementor-widget__width-initial elementor-widget elementor-widget-text-editor\" data-id=\"f7b2cae\" data-element_type=\"widget\" data-e-type=\"widget\" data-widget_type=\"text-editor.default\">\n\t\t\t\t<div class=\"elementor-widget-container\">\n\t\t\t\t\t\t\t\t\t<h3 style=\"text-align: center;\">https:\/\/ela-asso.com\/mtbe\/soutenez-des-projets-concrets\/<\/h3>\t\t\t\t\t\t\t\t<\/div>\n\t\t\t\t<\/div>\n\t\t\t\t<div class=\"elementor-element elementor-element-91acc9e elementor-widget elementor-widget-video\" data-id=\"91acc9e\" data-element_type=\"widget\" data-e-type=\"widget\" data-settings=\"{&quot;youtube_url&quot;:&quot;https:\\\/\\\/youtu.be\\\/9t0NGN6GFiM&quot;,&quot;video_type&quot;:&quot;youtube&quot;,&quot;controls&quot;:&quot;yes&quot;}\" data-widget_type=\"video.default\">\n\t\t\t\t<div class=\"elementor-widget-container\">\n\t\t\t\t\t\t\t<div class=\"elementor-wrapper elementor-open-inline\">\n\t\t\t<div class=\"elementor-video\"><\/div>\t\t<\/div>\n\t\t\t\t\t\t<\/div>\n\t\t\t\t<\/div>\n\t\t\t\t\t<\/div>\n\t\t\t\t<\/div>\n\t\t<div class=\"elementor-element elementor-element-83422d5 e-flex e-con-boxed e-con e-parent\" data-id=\"83422d5\" data-element_type=\"container\" data-e-type=\"container\">\n\t\t\t\t\t<div class=\"e-con-inner\">\n\t\t<div class=\"elementor-element elementor-element-e4bb9af e-con-full e-flex e-con e-child\" data-id=\"e4bb9af\" data-element_type=\"container\" data-e-type=\"container\" data-settings=\"{&quot;background_background&quot;:&quot;classic&quot;}\">\n\t\t\t\t<div class=\"elementor-element elementor-element-f1e8852 elementor-widget elementor-widget-heading\" data-id=\"f1e8852\" data-element_type=\"widget\" data-e-type=\"widget\" data-widget_type=\"heading.default\">\n\t\t\t\t<div class=\"elementor-widget-container\">\n\t\t\t\t\t<h4 class=\"elementor-heading-title elementor-size-default\">Envie de participer ? <\/h4>\t\t\t\t<\/div>\n\t\t\t\t<\/div>\n\t\t\t\t<div class=\"elementor-element elementor-element-80a4c12 elementor-widget elementor-widget-image\" data-id=\"80a4c12\" data-element_type=\"widget\" data-e-type=\"widget\" data-widget_type=\"image.default\">\n\t\t\t\t<div class=\"elementor-widget-container\">\n\t\t\t\t\t\t\t\t\t\t\t\t\t\t\t<img decoding=\"async\" width=\"295\" height=\"300\" src=\"https:\/\/ela-asso.be\/wp-content\/uploads\/2026\/01\/Equipe-1-295x300.png\" class=\"attachment-medium size-medium wp-image-5994\" alt=\"\" srcset=\"https:\/\/ela-asso.be\/wp-content\/uploads\/2026\/01\/Equipe-1-295x300.png 295w, https:\/\/ela-asso.be\/wp-content\/uploads\/2026\/01\/Equipe-1.png 551w\" sizes=\"(max-width: 295px) 100vw, 295px\" \/>\t\t\t\t\t\t\t\t\t\t\t\t\t\t\t<\/div>\n\t\t\t\t<\/div>\n\t\t\t\t<div class=\"elementor-element elementor-element-0a521cf elementor-widget elementor-widget-text-editor\" data-id=\"0a521cf\" data-element_type=\"widget\" data-e-type=\"widget\" data-widget_type=\"text-editor.default\">\n\t\t\t\t<div class=\"elementor-widget-container\">\n\t\t\t\t\t\t\t\t\t<p><strong>Flore Plattaf<br \/><\/strong>Email : <a href=\"mailto:fp@ela.be\">Fp@ela.be<\/a><\/p>\t\t\t\t\t\t\t\t<\/div>\n\t\t\t\t<\/div>\n\t\t\t\t<\/div>\n\t\t\t\t\t<\/div>\n\t\t\t\t<\/div>\n\t\t\t\t<\/div>\n\t\t","protected":false},"excerpt":{"rendered":"","protected":false},"author":1,"featured_media":0,"parent":4762,"menu_order":0,"comment_status":"closed","ping_status":"closed","template":"","meta":{"footnotes":""},"class_list":["post-208","page","type-page","status-publish","hentry"],"_links":{"self":[{"href":"https:\/\/ela-asso.be\/uk\/wp-json\/wp\/v2\/pages\/208","targetHints":{"allow":["GET"]}}],"collection":[{"href":"https:\/\/ela-asso.be\/uk\/wp-json\/wp\/v2\/pages"}],"about":[{"href":"https:\/\/ela-asso.be\/uk\/wp-json\/wp\/v2\/types\/page"}],"author":[{"embeddable":true,"href":"https:\/\/ela-asso.be\/uk\/wp-json\/wp\/v2\/users\/1"}],"replies":[{"embeddable":true,"href":"https:\/\/ela-asso.be\/uk\/wp-json\/wp\/v2\/comments?post=208"}],"version-history":[{"count":1,"href":"https:\/\/ela-asso.be\/uk\/wp-json\/wp\/v2\/pages\/208\/revisions"}],"predecessor-version":[{"id":6096,"href":"https:\/\/ela-asso.be\/uk\/wp-json\/wp\/v2\/pages\/208\/revisions\/6096"}],"up":[{"embeddable":true,"href":"https:\/\/ela-asso.be\/uk\/wp-json\/wp\/v2\/pages\/4762"}],"wp:attachment":[{"href":"https:\/\/ela-asso.be\/uk\/wp-json\/wp\/v2\/media?parent=208"}],"curies":[{"name":"wp","href":"https:\/\/api.w.org\/{rel}","templated":true}]}}