{"id":216,"date":"2018-01-31T11:28:10","date_gmt":"2018-01-31T10:28:10","guid":{"rendered":"http:\/\/ela-asso.be\/?page_id=216"},"modified":"2025-05-27T10:45:36","modified_gmt":"2025-05-27T08:45:36","slug":"tous-pour-ela","status":"publish","type":"page","link":"https:\/\/ela-asso.be\/uk\/actions\/tous-pour-ela\/","title":{"rendered":""},"content":{"rendered":"\t\t<div data-elementor-type=\"wp-post\" data-elementor-id=\"216\" class=\"elementor elementor-216\" data-elementor-post-type=\"page\">\n\t\t\t\t<div class=\"elementor-element elementor-element-12c30c1 e-con-full e-flex e-con e-parent\" data-id=\"12c30c1\" data-element_type=\"container\" data-e-type=\"container\" data-settings=\"{&quot;background_background&quot;:&quot;classic&quot;}\">\n\t\t\t\t<div class=\"elementor-element elementor-element-762eac8 elementor-widget elementor-widget-heading\" data-id=\"762eac8\" data-element_type=\"widget\" data-e-type=\"widget\" data-widget_type=\"heading.default\">\n\t\t\t\t<div class=\"elementor-widget-container\">\n\t\t\t\t\t<h1 class=\"elementor-heading-title elementor-size-default\">Tous pour ela<\/h1>\t\t\t\t<\/div>\n\t\t\t\t<\/div>\n\t\t\t\t<div class=\"elementor-element elementor-element-6a982f1 elementor-widget elementor-widget-text-editor\" data-id=\"6a982f1\" data-element_type=\"widget\" data-e-type=\"widget\" data-widget_type=\"text-editor.default\">\n\t\t\t\t<div class=\"elementor-widget-container\">\n\t\t\t\t\t\t\t\t\t<p>Pour un projet qui vous tient \u00e0 c\u0153ur !<\/p>\t\t\t\t\t\t\t\t<\/div>\n\t\t\t\t<\/div>\n\t\t\t\t<\/div>\n\t\t<div class=\"elementor-element elementor-element-7a5b5d8 e-flex e-con-boxed e-con e-parent\" data-id=\"7a5b5d8\" data-element_type=\"container\" data-e-type=\"container\">\n\t\t\t\t\t<div class=\"e-con-inner\">\n\t\t<div class=\"elementor-element elementor-element-9885ece e-con-full e-flex e-con e-child\" data-id=\"9885ece\" data-element_type=\"container\" data-e-type=\"container\">\n\t\t\t\t<div class=\"elementor-element elementor-element-b658be9 elementor-widget elementor-widget-image\" data-id=\"b658be9\" data-element_type=\"widget\" data-e-type=\"widget\" data-widget_type=\"image.default\">\n\t\t\t\t<div class=\"elementor-widget-container\">\n\t\t\t\t\t\t\t\t\t\t\t\t\t\t\t<img decoding=\"async\" width=\"288\" height=\"151\" src=\"https:\/\/ela-asso.be\/wp-content\/uploads\/2025\/02\/Logo-TPERose.png\" class=\"attachment-large size-large wp-image-3948\" alt=\"\" \/>\t\t\t\t\t\t\t\t\t\t\t\t\t\t\t<\/div>\n\t\t\t\t<\/div>\n\t\t\t\t<div class=\"elementor-element elementor-element-5b873ff elementor-widget elementor-widget-spacer\" data-id=\"5b873ff\" data-element_type=\"widget\" data-e-type=\"widget\" data-widget_type=\"spacer.default\">\n\t\t\t\t<div class=\"elementor-widget-container\">\n\t\t\t\t\t\t\t<div class=\"elementor-spacer\">\n\t\t\t<div class=\"elementor-spacer-inner\"><\/div>\n\t\t<\/div>\n\t\t\t\t\t\t<\/div>\n\t\t\t\t<\/div>\n\t\t\t\t<div class=\"elementor-element elementor-element-4fa8278 elementor-widget elementor-widget-button\" data-id=\"4fa8278\" data-element_type=\"widget\" data-e-type=\"widget\" data-widget_type=\"button.default\">\n\t\t\t\t<div class=\"elementor-widget-container\">\n\t\t\t\t\t\t\t\t\t<div class=\"elementor-button-wrapper\">\n\t\t\t\t\t<a class=\"elementor-button elementor-button-link elementor-size-sm\" href=\"https:\/\/ela-asso.be\/contact\/\">\n\t\t\t\t\t\t<span class=\"elementor-button-content-wrapper\">\n\t\t\t\t\t\t\t\t\t<span class=\"elementor-button-text\">Soumettre un projet <\/span>\n\t\t\t\t\t<\/span>\n\t\t\t\t\t<\/a>\n\t\t\t\t<\/div>\n\t\t\t\t\t\t\t\t<\/div>\n\t\t\t\t<\/div>\n\t\t\t\t<\/div>\n\t\t<div class=\"elementor-element elementor-element-554caf6 e-con-full e-flex e-con e-child\" data-id=\"554caf6\" data-element_type=\"container\" data-e-type=\"container\">\n\t\t\t\t<div class=\"elementor-element elementor-element-cdda5c2 elementor-widget__width-initial elementor-widget elementor-widget-text-editor\" data-id=\"cdda5c2\" data-element_type=\"widget\" data-e-type=\"widget\" data-widget_type=\"text-editor.default\">\n\t\t\t\t<div class=\"elementor-widget-container\">\n\t\t\t\t\t\t\t\t\t<h3><strong>Tous vos projets sont les bienvenus pour sensibiliser \u00e0 la cause d&#8217;ELA et mobiliser !<\/strong><\/h3><h5>Particulier, association, club sportif\u2026 Vous pouvez tous participer au combat d\u2019ELA.<\/h5><p>Vous \u00eates sportif, passionn\u00e9 de th\u00e9\u00e2tre ou mordu de poker ? Vous organisez une manifestation culturelle, une randonn\u00e9e ou une soir\u00e9e festive ? Vous participez \u00e0 un tournoi, un march\u00e9 de No\u00ebl ou une course ?<\/p><p>Organisez votre \u00e9v\u00e8nement au profit des enfants atteints de leucodystrophie !<\/p>\t\t\t\t\t\t\t\t<\/div>\n\t\t\t\t<\/div>\n\t\t\t\t<\/div>\n\t\t\t\t\t<\/div>\n\t\t\t\t<\/div>\n\t\t<div class=\"elementor-element elementor-element-1ee96f8 e-flex e-con-boxed e-con e-parent\" data-id=\"1ee96f8\" data-element_type=\"container\" data-e-type=\"container\">\n\t\t\t\t\t<div class=\"e-con-inner\">\n\t\t<div class=\"elementor-element elementor-element-9e84a98 e-con-full e-flex e-con e-child\" data-id=\"9e84a98\" data-element_type=\"container\" data-e-type=\"container\">\n\t\t\t\t<div class=\"elementor-element elementor-element-762ca1e elementor-widget elementor-widget-text-editor\" data-id=\"762ca1e\" data-element_type=\"widget\" data-e-type=\"widget\" data-widget_type=\"text-editor.default\">\n\t\t\t\t<div class=\"elementor-widget-container\">\n\t\t\t\t\t\t\t\t\t<h3>Les images parlent mieux que les mots&#8230;<\/h3>\t\t\t\t\t\t\t\t<\/div>\n\t\t\t\t<\/div>\n\t\t\t\t<div class=\"elementor-element elementor-element-c4edb25 elementor-skin-carousel elementor-arrows-yes elementor-pagination-type-bullets elementor-pagination-position-outside elementor-widget elementor-widget-media-carousel\" data-id=\"c4edb25\" data-element_type=\"widget\" data-e-type=\"widget\" data-settings=\"{&quot;skin&quot;:&quot;carousel&quot;,&quot;effect&quot;:&quot;slide&quot;,&quot;show_arrows&quot;:&quot;yes&quot;,&quot;pagination&quot;:&quot;bullets&quot;,&quot;speed&quot;:500,&quot;autoplay&quot;:&quot;yes&quot;,&quot;autoplay_speed&quot;:5000,&quot;loop&quot;:&quot;yes&quot;,&quot;pause_on_hover&quot;:&quot;yes&quot;,&quot;pause_on_interaction&quot;:&quot;yes&quot;,&quot;space_between&quot;:{&quot;unit&quot;:&quot;px&quot;,&quot;size&quot;:10,&quot;sizes&quot;:[]},&quot;space_between_tablet&quot;:{&quot;unit&quot;:&quot;px&quot;,&quot;size&quot;:10,&quot;sizes&quot;:[]},&quot;space_between_mobile&quot;:{&quot;unit&quot;:&quot;px&quot;,&quot;size&quot;:10,&quot;sizes&quot;:[]}}\" data-widget_type=\"media-carousel.default\">\n\t\t\t\t<div class=\"elementor-widget-container\">\n\t\t\t\t\t\t\t\t\t<div class=\"elementor-swiper\">\n\t\t\t\t\t<div class=\"elementor-main-swiper swiper\" role=\"region\" aria-roledescription=\"carousel\" aria-label=\"Diapositives\">\n\t\t\t\t<div class=\"swiper-wrapper\">\n\t\t\t\t\t\t\t\t\t\t\t<div class=\"swiper-slide\" role=\"group\" aria-roledescription=\"slide\">\n\t\t\t\t\t\t\t\t\t<div class=\"elementor-carousel-image\" role=\"img\" aria-label=\"Miniature-TPE\" style=\"background-image: url(&#039;https:\/\/ela-asso.be\/wp-content\/uploads\/2025\/01\/Miniature-TPE.jpg&#039;)\">\n\n\t\t\t\n\t\t\t\t\t<\/div>\n\t\t\t\t\t\t\t\t<\/div>\n\t\t\t\t\t\t\t\t\t\t\t<div class=\"swiper-slide\" role=\"group\" aria-roledescription=\"slide\">\n\t\t\t\t\t\t\t\t\t<div class=\"elementor-carousel-image\" role=\"img\" aria-label=\"DSC_0463\" style=\"background-image: url(&#039;https:\/\/ela-asso.be\/wp-content\/uploads\/2022\/11\/DSC_0463-scaled.jpg&#039;)\">\n\n\t\t\t\n\t\t\t\t\t<\/div>\n\t\t\t\t\t\t\t\t<\/div>\n\t\t\t\t\t\t\t\t\t\t\t<div class=\"swiper-slide\" role=\"group\" aria-roledescription=\"slide\">\n\t\t\t\t\t\t\t\t\t<div class=\"elementor-carousel-image\" role=\"img\" aria-label=\"20 km de Bruxelles- L\u00e9on Fabry-Marie-C\u00e9line-C\u00e9dric et Nancy\" style=\"background-image: url(&#039;https:\/\/ela-asso.be\/wp-content\/uploads\/2022\/11\/20-km-de-Bruxelles-Leon-Fabry-Marie-Celine-Cedric-et-Nancy.jpg&#039;)\">\n\n\t\t\t\n\t\t\t\t\t<\/div>\n\t\t\t\t\t\t\t\t<\/div>\n\t\t\t\t\t\t\t\t\t\t\t<div class=\"swiper-slide\" role=\"group\" aria-roledescription=\"slide\">\n\t\t\t\t\t\t\t\t\t<div class=\"elementor-carousel-image\" role=\"img\" aria-label=\"Screenshot_20230330_124513_OneDrive=A3\" style=\"background-image: url(&#039;https:\/\/ela-asso.be\/wp-content\/uploads\/2023\/03\/Screenshot_20230330_124513_OneDriveA3.jpg&#039;)\">\n\n\t\t\t\n\t\t\t\t\t<\/div>\n\t\t\t\t\t\t\t\t<\/div>\n\t\t\t\t\t\t\t\t\t\t\t<div class=\"swiper-slide\" role=\"group\" aria-roledescription=\"slide\">\n\t\t\t\t\t\t\t\t\t<div class=\"elementor-carousel-image\" role=\"img\" aria-label=\"Affiche Brocante ELA 5-1\" style=\"background-image: url(&#039;https:\/\/ela-asso.be\/wp-content\/uploads\/2022\/09\/Affiche-Brocante-ELA-5-1-scaled.jpg&#039;)\">\n\n\t\t\t\n\t\t\t\t\t<\/div>\n\t\t\t\t\t\t\t\t<\/div>\n\t\t\t\t\t\t\t\t\t<\/div>\n\t\t\t\t\t\t\t\t\t\t\t\t\t\t\t<div class=\"elementor-swiper-button elementor-swiper-button-prev\" role=\"button\" tabindex=\"0\" aria-label=\"Pr\u00e9c\u00e9dent\">\n\t\t\t\t\t\t\t<i aria-hidden=\"true\" class=\"eicon-chevron-left\"><\/i>\t\t\t\t\t\t<\/div>\n\t\t\t\t\t\t<div class=\"elementor-swiper-button elementor-swiper-button-next\" role=\"button\" tabindex=\"0\" aria-label=\"Suivant\">\n\t\t\t\t\t\t\t<i aria-hidden=\"true\" class=\"eicon-chevron-right\"><\/i>\t\t\t\t\t\t<\/div>\n\t\t\t\t\t\t\t\t\t\t\t\t\t\t\t\t<div class=\"swiper-pagination\"><\/div>\n\t\t\t\t\t\t\t\t\t\t\t\t<\/div>\n\t\t\t\t<\/div>\n\t\t\t\t\t\t\t\t<\/div>\n\t\t\t\t<\/div>\n\t\t\t\t<\/div>\n\t\t\t\t\t<\/div>\n\t\t\t\t<\/div>\n\t\t<div class=\"elementor-element elementor-element-bbd840d e-flex e-con-boxed e-con e-parent\" data-id=\"bbd840d\" data-element_type=\"container\" data-e-type=\"container\">\n\t\t\t\t\t<div class=\"e-con-inner\">\n\t\t\t\t<div class=\"elementor-element elementor-element-c537aea elementor-widget elementor-widget-text-editor\" data-id=\"c537aea\" data-element_type=\"widget\" data-e-type=\"widget\" data-widget_type=\"text-editor.default\">\n\t\t\t\t<div class=\"elementor-widget-container\">\n\t\t\t\t\t\t\t\t\t<h3>Pour quels types de projet ?<\/h3><p><span style=\"color: #e41871;\">\u2022 Utilisez un \u00e9v\u00e9nement existant :\u00a0<\/span>Particuliers et professionnels, vous pouvez organiser une manifestation ou utiliser une manifestation d\u00e9j\u00e0 existante dans l\u2019objectif d\u2019en reverser les b\u00e9n\u00e9fices \u00e0 <span style=\"color: #e41871;\">ELA<\/span>. Buvette, tombola, droit d\u2019entr\u00e9e\u2026 toutes les initiatives sont les bienvenues pour collecter des dons !\u00a0 \u00a0 \u00a0<\/p><p><span style=\"color: #e41871;\">\u2022 Organisez une collecte :\u00a0<\/span>Vous reversez \u00e0 <span style=\"color: #e41871;\">ELA<\/span> une partie des sommes collect\u00e9es dans le cadre de votre activit\u00e9, tout en sensibilisant au combat de l\u2019association vos clients, membres ou sympathisants.<\/p><p><span style=\"color: #e41871;\">\u2022 Collectez aupr\u00e8s des membres d\u2019une association ou de votre entourage :\u00a0<\/span>Votre structure mobilise ses collaborateurs en leur proposant de devenir donateurs et ainsi de s\u2019engager pour ELA personnellement.<\/p><h3>Quelle aide de la part d&#8217;ELA ?<\/h3><p><span style=\"color: #e41871;\">\u2022<\/span> Des <span style=\"color: #e41871;\">supports d\u2019information<\/span> : affiches, banderoles, d\u00e9pliants, autocollants, t-shirts, ballons\u2026<br \/><span style=\"color: #e41871;\">\u2022<\/span> Une <span style=\"color: #e41871;\">lettre de soutien<\/span> pour vous aider dans votre recherche de partenaires<br \/><span style=\"color: #e41871;\">\u2022<\/span> L\u2019annonce de votre <span style=\"color: #e41871;\">\u00e9v\u00e9nement<\/span> sur le <span style=\"color: #e41871;\">site internet<\/span> <span style=\"color: #e41871;\">ELA<\/span>.<\/p><p><br \/>Nous mettons \u00e9galement \u00e0 votre disposition des <span style=\"color: #e41871;\">carnets de parrainage<\/span>. Ces carnets \u00e0 souche permettent de r\u00e9colter des dons de fa\u00e7on s\u00e9curis\u00e9e. Le donateur conserve ainsi un coupon qui lui fera b\u00e9n\u00e9ficier d\u2019une r\u00e9duction d\u2019imp\u00f4t. Ils s\u2019adaptent \u00e0 tous les types d\u2019engagement.<\/p><h6><strong>Vos dons sup\u00e9rieurs \u00e0 40\u20ac sont d\u00e9ductibles de vos imp\u00f4ts.<\/strong><\/h6>\t\t\t\t\t\t\t\t<\/div>\n\t\t\t\t<\/div>\n\t\t\t\t\t<\/div>\n\t\t\t\t<\/div>\n\t\t<div class=\"elementor-element elementor-element-e4ab7e0 e-flex e-con-boxed e-con e-parent\" data-id=\"e4ab7e0\" data-element_type=\"container\" data-e-type=\"container\">\n\t\t\t\t\t<div class=\"e-con-inner\">\n\t\t<div class=\"elementor-element elementor-element-a72d975 e-con-full e-flex e-con e-child\" data-id=\"a72d975\" data-element_type=\"container\" data-e-type=\"container\" data-settings=\"{&quot;background_background&quot;:&quot;classic&quot;}\">\n\t\t\t\t<div class=\"elementor-element elementor-element-81b883c elementor-widget elementor-widget-heading\" data-id=\"81b883c\" data-element_type=\"widget\" data-e-type=\"widget\" data-widget_type=\"heading.default\">\n\t\t\t\t<div class=\"elementor-widget-container\">\n\t\t\t\t\t<h4 class=\"elementor-heading-title elementor-size-default\">Envie d'organiser un \u00e9v\u00e9nement ? <\/h4>\t\t\t\t<\/div>\n\t\t\t\t<\/div>\n\t\t\t\t<div class=\"elementor-element elementor-element-98e6877 elementor-widget elementor-widget-image\" data-id=\"98e6877\" data-element_type=\"widget\" data-e-type=\"widget\" data-widget_type=\"image.default\">\n\t\t\t\t<div class=\"elementor-widget-container\">\n\t\t\t\t\t\t\t\t\t\t\t\t\t\t\t<img fetchpriority=\"high\" decoding=\"async\" width=\"300\" height=\"300\" src=\"https:\/\/ela-asso.be\/wp-content\/uploads\/2025\/01\/Design-sans-titre-3-1-300x300.png\" class=\"attachment-medium size-medium wp-image-3583\" alt=\"\" srcset=\"https:\/\/ela-asso.be\/wp-content\/uploads\/2025\/01\/Design-sans-titre-3-1-300x300.png 300w, https:\/\/ela-asso.be\/wp-content\/uploads\/2025\/01\/Design-sans-titre-3-1-150x150.png 150w, https:\/\/ela-asso.be\/wp-content\/uploads\/2025\/01\/Design-sans-titre-3-1-100x100.png 100w, https:\/\/ela-asso.be\/wp-content\/uploads\/2025\/01\/Design-sans-titre-3-1.png 551w\" sizes=\"(max-width: 300px) 100vw, 300px\" \/>\t\t\t\t\t\t\t\t\t\t\t\t\t\t\t<\/div>\n\t\t\t\t<\/div>\n\t\t\t\t<div class=\"elementor-element elementor-element-c7c811b elementor-widget elementor-widget-text-editor\" data-id=\"c7c811b\" data-element_type=\"widget\" data-e-type=\"widget\" data-widget_type=\"text-editor.default\">\n\t\t\t\t<div class=\"elementor-widget-container\">\n\t\t\t\t\t\t\t\t\t<p><strong>Nathalie Carlier <br \/><\/strong>T\u00e9l. : +32 471 95 19 13 (9h \u00e0 17h)<br \/>Email : <a href=\"mailto:dl@ela.be\">nc@ela.be<\/a><\/p>\t\t\t\t\t\t\t\t<\/div>\n\t\t\t\t<\/div>\n\t\t\t\t<\/div>\n\t\t\t\t\t<\/div>\n\t\t\t\t<\/div>\n\t\t\t\t<\/div>\n\t\t","protected":false},"excerpt":{"rendered":"","protected":false},"author":1,"featured_media":0,"parent":4762,"menu_order":0,"comment_status":"closed","ping_status":"closed","template":"","meta":{"footnotes":""},"class_list":["post-216","page","type-page","status-publish","hentry"],"_links":{"self":[{"href":"https:\/\/ela-asso.be\/uk\/wp-json\/wp\/v2\/pages\/216","targetHints":{"allow":["GET"]}}],"collection":[{"href":"https:\/\/ela-asso.be\/uk\/wp-json\/wp\/v2\/pages"}],"about":[{"href":"https:\/\/ela-asso.be\/uk\/wp-json\/wp\/v2\/types\/page"}],"author":[{"embeddable":true,"href":"https:\/\/ela-asso.be\/uk\/wp-json\/wp\/v2\/users\/1"}],"replies":[{"embeddable":true,"href":"https:\/\/ela-asso.be\/uk\/wp-json\/wp\/v2\/comments?post=216"}],"version-history":[{"count":1,"href":"https:\/\/ela-asso.be\/uk\/wp-json\/wp\/v2\/pages\/216\/revisions"}],"predecessor-version":[{"id":5513,"href":"https:\/\/ela-asso.be\/uk\/wp-json\/wp\/v2\/pages\/216\/revisions\/5513"}],"up":[{"embeddable":true,"href":"https:\/\/ela-asso.be\/uk\/wp-json\/wp\/v2\/pages\/4762"}],"wp:attachment":[{"href":"https:\/\/ela-asso.be\/uk\/wp-json\/wp\/v2\/media?parent=216"}],"curies":[{"name":"wp","href":"https:\/\/api.w.org\/{rel}","templated":true}]}}