{"id":459,"date":"2018-02-02T09:56:34","date_gmt":"2018-02-02T08:56:34","guid":{"rendered":"http:\/\/ela-asso.be\/?page_id=459"},"modified":"2025-05-27T10:46:05","modified_gmt":"2025-05-27T08:46:05","slug":"leucodystrophies","status":"publish","type":"page","link":"https:\/\/ela-asso.be\/uk\/leucodystrophies\/","title":{"rendered":""},"content":{"rendered":"\t\t<div data-elementor-type=\"wp-page\" data-elementor-id=\"459\" class=\"elementor elementor-459\" data-elementor-post-type=\"page\">\n\t\t\t\t<div class=\"elementor-element elementor-element-709f75ef e-con-full e-flex e-con e-parent\" data-id=\"709f75ef\" data-element_type=\"container\" data-e-type=\"container\" data-settings=\"{&quot;background_background&quot;:&quot;classic&quot;}\">\n\t\t\t\t<div class=\"elementor-element elementor-element-679be74f elementor-widget elementor-widget-heading\" data-id=\"679be74f\" data-element_type=\"widget\" data-e-type=\"widget\" data-widget_type=\"heading.default\">\n\t\t\t\t<div class=\"elementor-widget-container\">\n\t\t\t\t\t<h1 class=\"elementor-heading-title elementor-size-default\">Leucodystrophies<\/h1>\t\t\t\t<\/div>\n\t\t\t\t<\/div>\n\t\t\t\t<div class=\"elementor-element elementor-element-1ef0086a elementor-widget elementor-widget-text-editor\" data-id=\"1ef0086a\" data-element_type=\"widget\" data-e-type=\"widget\" data-widget_type=\"text-editor.default\">\n\t\t\t\t<div class=\"elementor-widget-container\">\n\t\t\t\t\t\t\t\t\t<p>Des maladies rares et g\u00e9n\u00e9tiques.<\/p>\t\t\t\t\t\t\t\t<\/div>\n\t\t\t\t<\/div>\n\t\t\t\t<\/div>\n\t\t<div class=\"elementor-element elementor-element-875f3d2 e-flex e-con-boxed e-con e-parent\" data-id=\"875f3d2\" data-element_type=\"container\" data-e-type=\"container\">\n\t\t\t\t\t<div class=\"e-con-inner\">\n\t\t\t\t<div class=\"elementor-element elementor-element-4ac9be6 elementor-widget elementor-widget-heading\" data-id=\"4ac9be6\" data-element_type=\"widget\" data-e-type=\"widget\" data-widget_type=\"heading.default\">\n\t\t\t\t<div class=\"elementor-widget-container\">\n\t\t\t\t\t<h2 class=\"elementor-heading-title elementor-size-default\">Les leucodystrophies : des maladies g\u00e9n\u00e9tiques qui touchent particuli\u00e8rement les enfants<\/h2>\t\t\t\t<\/div>\n\t\t\t\t<\/div>\n\t\t\t\t<div class=\"elementor-element elementor-element-6c683cd elementor-widget elementor-widget-text-editor\" data-id=\"6c683cd\" data-element_type=\"widget\" data-e-type=\"widget\" data-widget_type=\"text-editor.default\">\n\t\t\t\t<div class=\"elementor-widget-container\">\n\t\t\t\t\t\t\t\t\t<h4>Ce sont des maladies g\u00e9n\u00e9tiques qui d\u00e9truisent la my\u00e9line (gaine des nerfs) du syst\u00e8me nerveux. Lorsque cette gaine est ab\u00eem\u00e9e, le courant ne passe plus et les messages nerveux sont interrompus, ce qui entra\u00eene rapidement la d\u00e9gradation de toutes les fonctions (vue, ou\u00efe, motricit\u00e9, m\u00e9moire\u2026) et conduit tr\u00e8s souvent au d\u00e9c\u00e8s. Les leucodystrophies peuvent se d\u00e9clarer \u00e0 tout \u00e2ge, de la naissance \u00e0 l\u2019\u00e2ge adulte. Elles sont encore tr\u00e8s largement incurables.<\/h4>\t\t\t\t\t\t\t\t<\/div>\n\t\t\t\t<\/div>\n\t\t\t\t\t<\/div>\n\t\t\t\t<\/div>\n\t\t<div class=\"elementor-element elementor-element-27cd3d0 e-flex e-con-boxed e-con e-parent\" data-id=\"27cd3d0\" data-element_type=\"container\" data-e-type=\"container\">\n\t\t\t\t\t<div class=\"e-con-inner\">\n\t\t\t\t<div class=\"elementor-element elementor-element-6e886b5 elementor-widget elementor-widget-spacer\" data-id=\"6e886b5\" data-element_type=\"widget\" data-e-type=\"widget\" data-widget_type=\"spacer.default\">\n\t\t\t\t<div class=\"elementor-widget-container\">\n\t\t\t\t\t\t\t<div class=\"elementor-spacer\">\n\t\t\t<div class=\"elementor-spacer-inner\"><\/div>\n\t\t<\/div>\n\t\t\t\t\t\t<\/div>\n\t\t\t\t<\/div>\n\t\t\t\t\t<\/div>\n\t\t\t\t<\/div>\n\t\t<div class=\"elementor-element elementor-element-6bb69b1 e-flex e-con-boxed e-con e-parent\" data-id=\"6bb69b1\" data-element_type=\"container\" data-e-type=\"container\">\n\t\t\t\t\t<div class=\"e-con-inner\">\n\t\t<div class=\"elementor-element elementor-element-db1724b e-con-full e-flex e-con e-child\" data-id=\"db1724b\" data-element_type=\"container\" data-e-type=\"container\">\n\t\t\t\t<div class=\"elementor-element elementor-element-40ed475 elementor-widget elementor-widget-heading\" data-id=\"40ed475\" data-element_type=\"widget\" data-e-type=\"widget\" data-widget_type=\"heading.default\">\n\t\t\t\t<div class=\"elementor-widget-container\">\n\t\t\t\t\t<h2 class=\"elementor-heading-title elementor-size-default\">Les maladies <\/h2>\t\t\t\t<\/div>\n\t\t\t\t<\/div>\n\t\t\t\t<div class=\"elementor-element elementor-element-9355df2 elementor-widget elementor-widget-text-editor\" data-id=\"9355df2\" data-element_type=\"widget\" data-e-type=\"widget\" data-widget_type=\"text-editor.default\">\n\t\t\t\t<div class=\"elementor-widget-container\">\n\t\t\t\t\t\t\t\t\t<h3><a class=\"link-has-icon link-primary link-inline\" href=\"https:\/\/ela-asso.be\/ald-amn\/\">\u2022 ALD\/AMN<\/a><br \/><a class=\"link-has-icon link-primary link-inline\" href=\"https:\/\/ela-asso.be\/leucodystrophies-indeterminees\/\">\u2022 Leucodystrophies ind\u00e9termin\u00e9es<\/a><br \/><a class=\"link-has-icon link-primary link-inline\" href=\"https:\/\/ela-asso.be\/maladie-de-canavan\/\">\u2022 Maladie de Canavan<\/a><br \/><a class=\"link-has-icon link-primary link-inline\" href=\"https:\/\/ela-asso.be\/maladie-de-krabbe\/\">\u2022 Maladie de Krabbe<\/a><br \/><a class=\"link-has-icon link-primary link-inline\" href=\"https:\/\/ela-asso.be\/maladie-de-refsum\/\">\u2022 Maladie de Refsum<\/a><br \/><a class=\"link-has-icon link-primary link-inline\" href=\"https:\/\/ela-asso.be\/maladie-dalexander\/\">\u2022 Maladie d\u2019Alexander<\/a><br \/><a class=\"link-has-icon link-primary link-inline\" href=\"https:\/\/ela-asso.be\/maladie-mlc\/\">\u2022 Maladie MLC<\/a><br \/><a class=\"link-has-icon link-primary link-inline\" href=\"https:\/\/ela-asso.be\/mld\/\">\u2022 MLD<\/a><br \/><a class=\"link-has-icon link-primary link-inline\" href=\"https:\/\/ela-asso.be\/pmd-et-autres-leucodystrophies-hypomyelinisantes\/\">\u2022 PMD et autres leucodystrophies hypomy\u00e9linisantes<\/a><br \/><a class=\"link-has-icon link-primary link-inline\" href=\"https:\/\/ela-asso.be\/syndrome-aicardi-goutieres\/\">\u2022 Syndrome Aicardi-Gouti\u00e8res<\/a><br \/><a class=\"link-has-icon link-primary link-inline\" href=\"https:\/\/ela-asso.be\/syndrome-cach\/\">\u2022 Syndrome CACH<\/a><br \/><a class=\"link-has-icon link-primary link-inline\" href=\"https:\/\/ela-asso.be\/ltbl\/\">\u2022 LTBL<\/a><\/h3>\t\t\t\t\t\t\t\t<\/div>\n\t\t\t\t<\/div>\n\t\t\t\t<\/div>\n\t\t<div class=\"elementor-element elementor-element-4fbe45f e-con-full e-flex e-con e-child\" data-id=\"4fbe45f\" data-element_type=\"container\" data-e-type=\"container\">\n\t\t\t\t<div class=\"elementor-element elementor-element-440c929 elementor-widget elementor-widget-image\" data-id=\"440c929\" data-element_type=\"widget\" data-e-type=\"widget\" data-widget_type=\"image.default\">\n\t\t\t\t<div class=\"elementor-widget-container\">\n\t\t\t\t\t\t\t\t\t\t\t\t\t\t\t<img fetchpriority=\"high\" decoding=\"async\" width=\"768\" height=\"768\" src=\"https:\/\/ela-asso.be\/wp-content\/uploads\/2024\/11\/Quand-le-courant-passe-la-vie-continue-Publication-Instagram-768x768.png\" class=\"attachment-medium_large size-medium_large wp-image-2999\" alt=\"\" srcset=\"https:\/\/ela-asso.be\/wp-content\/uploads\/2024\/11\/Quand-le-courant-passe-la-vie-continue-Publication-Instagram-768x768.png 768w, https:\/\/ela-asso.be\/wp-content\/uploads\/2024\/11\/Quand-le-courant-passe-la-vie-continue-Publication-Instagram-300x300.png 300w, https:\/\/ela-asso.be\/wp-content\/uploads\/2024\/11\/Quand-le-courant-passe-la-vie-continue-Publication-Instagram-1024x1024.png 1024w, https:\/\/ela-asso.be\/wp-content\/uploads\/2024\/11\/Quand-le-courant-passe-la-vie-continue-Publication-Instagram-150x150.png 150w, https:\/\/ela-asso.be\/wp-content\/uploads\/2024\/11\/Quand-le-courant-passe-la-vie-continue-Publication-Instagram-465x465.png 465w, https:\/\/ela-asso.be\/wp-content\/uploads\/2024\/11\/Quand-le-courant-passe-la-vie-continue-Publication-Instagram-500x500.png 500w, https:\/\/ela-asso.be\/wp-content\/uploads\/2024\/11\/Quand-le-courant-passe-la-vie-continue-Publication-Instagram-600x600.png 600w, https:\/\/ela-asso.be\/wp-content\/uploads\/2024\/11\/Quand-le-courant-passe-la-vie-continue-Publication-Instagram-100x100.png 100w, https:\/\/ela-asso.be\/wp-content\/uploads\/2024\/11\/elementor\/thumbs\/Quand-le-courant-passe-la-vie-continue-Publication-Instagram-qxrlk2u7qkq000mv7o1yv1ap5mygf49a3nfq0mr7a8.png 400w, https:\/\/ela-asso.be\/wp-content\/uploads\/2024\/11\/Quand-le-courant-passe-la-vie-continue-Publication-Instagram.png 1080w\" sizes=\"(max-width: 768px) 100vw, 768px\" \/>\t\t\t\t\t\t\t\t\t\t\t\t\t\t\t<\/div>\n\t\t\t\t<\/div>\n\t\t\t\t<\/div>\n\t\t\t\t\t<\/div>\n\t\t\t\t<\/div>\n\t\t<div class=\"elementor-element elementor-element-4c9308d e-con-full e-flex e-con e-parent\" data-id=\"4c9308d\" data-element_type=\"container\" data-e-type=\"container\">\n\t\t\t\t<div class=\"elementor-element elementor-element-e5feae5 elementor-widget elementor-widget-spacer\" data-id=\"e5feae5\" data-element_type=\"widget\" data-e-type=\"widget\" data-widget_type=\"spacer.default\">\n\t\t\t\t<div class=\"elementor-widget-container\">\n\t\t\t\t\t\t\t<div class=\"elementor-spacer\">\n\t\t\t<div class=\"elementor-spacer-inner\"><\/div>\n\t\t<\/div>\n\t\t\t\t\t\t<\/div>\n\t\t\t\t<\/div>\n\t\t\t\t<\/div>\n\t\t<div class=\"elementor-element elementor-element-40c2e426 e-flex e-con-boxed e-con e-parent\" data-id=\"40c2e426\" data-element_type=\"container\" data-e-type=\"container\">\n\t\t\t\t\t<div class=\"e-con-inner\">\n\t\t\t\t<div class=\"elementor-element elementor-element-bc2815a elementor-widget elementor-widget-heading\" data-id=\"bc2815a\" data-element_type=\"widget\" data-e-type=\"widget\" data-widget_type=\"heading.default\">\n\t\t\t\t<div class=\"elementor-widget-container\">\n\t\t\t\t\t<h2 class=\"elementor-heading-title elementor-size-default\">Quelques chiffres cl\u00e9s :\u00a0<\/h2>\t\t\t\t<\/div>\n\t\t\t\t<\/div>\n\t\t\t\t<div class=\"elementor-element elementor-element-ac1d2b4 elementor-widget elementor-widget-text-editor\" data-id=\"ac1d2b4\" data-element_type=\"widget\" data-e-type=\"widget\" data-widget_type=\"text-editor.default\">\n\t\t\t\t<div class=\"elementor-widget-container\">\n\t\t\t\t\t\t\t\t\t<h3><strong><span style=\"color: #e41871;\">\u2022 20 \u00e0 40 enfants\/semaine<\/span><\/strong> naissent atteints de leucodystrophie en Europe.<\/h3><h3><strong><span style=\"color: #e41871;\">\u2022 50,5 millions <\/span><\/strong>d\u2019euros\u00a0 investis au travers de <strong><span style=\"color: #e41871;\">586<\/span><\/strong>\u00a0programmes de recherche sur les leucodystrophies.<\/h3>\t\t\t\t\t\t\t\t<\/div>\n\t\t\t\t<\/div>\n\t\t\t\t<div class=\"elementor-element elementor-element-1c3d97c elementor-widget elementor-widget-video\" data-id=\"1c3d97c\" data-element_type=\"widget\" data-e-type=\"widget\" data-settings=\"{&quot;youtube_url&quot;:&quot;https:\\\/\\\/youtu.be\\\/OckKLsiaLNE&quot;,&quot;video_type&quot;:&quot;youtube&quot;,&quot;controls&quot;:&quot;yes&quot;}\" data-widget_type=\"video.default\">\n\t\t\t\t<div class=\"elementor-widget-container\">\n\t\t\t\t\t\t\t<div class=\"elementor-wrapper elementor-open-inline\">\n\t\t\t<div class=\"elementor-video\"><\/div>\t\t<\/div>\n\t\t\t\t\t\t<\/div>\n\t\t\t\t<\/div>\n\t\t\t\t\t<\/div>\n\t\t\t\t<\/div>\n\t\t<div class=\"elementor-element elementor-element-7b8c712 e-flex e-con-boxed e-con e-parent\" data-id=\"7b8c712\" data-element_type=\"container\" data-e-type=\"container\">\n\t\t\t\t\t<div class=\"e-con-inner\">\n\t\t\t\t<div class=\"elementor-element elementor-element-267e47d elementor-widget-divider--view-line elementor-widget elementor-widget-divider\" data-id=\"267e47d\" data-element_type=\"widget\" data-e-type=\"widget\" data-widget_type=\"divider.default\">\n\t\t\t\t<div class=\"elementor-widget-container\">\n\t\t\t\t\t\t\t<div class=\"elementor-divider\">\n\t\t\t<span class=\"elementor-divider-separator\">\n\t\t\t\t\t\t<\/span>\n\t\t<\/div>\n\t\t\t\t\t\t<\/div>\n\t\t\t\t<\/div>\n\t\t\t\t<div class=\"elementor-element elementor-element-b4a4dc3 elementor-align-center elementor-widget elementor-widget-button\" data-id=\"b4a4dc3\" data-element_type=\"widget\" data-e-type=\"widget\" data-widget_type=\"button.default\">\n\t\t\t\t<div class=\"elementor-widget-container\">\n\t\t\t\t\t\t\t\t\t<div class=\"elementor-button-wrapper\">\n\t\t\t\t\t<a class=\"elementor-button elementor-button-link elementor-size-sm\" href=\"https:\/\/ela-asso.be\/contact\/\">\n\t\t\t\t\t\t<span class=\"elementor-button-content-wrapper\">\n\t\t\t\t\t\t\t\t\t<span class=\"elementor-button-text\">Nous contacter<\/span>\n\t\t\t\t\t<\/span>\n\t\t\t\t\t<\/a>\n\t\t\t\t<\/div>\n\t\t\t\t\t\t\t\t<\/div>\n\t\t\t\t<\/div>\n\t\t\t\t\t<\/div>\n\t\t\t\t<\/div>\n\t\t\t\t<\/div>\n\t\t","protected":false},"excerpt":{"rendered":"","protected":false},"author":1,"featured_media":0,"parent":0,"menu_order":0,"comment_status":"closed","ping_status":"closed","template":"","meta":{"footnotes":""},"class_list":["post-459","page","type-page","status-publish","hentry"],"_links":{"self":[{"href":"https:\/\/ela-asso.be\/uk\/wp-json\/wp\/v2\/pages\/459","targetHints":{"allow":["GET"]}}],"collection":[{"href":"https:\/\/ela-asso.be\/uk\/wp-json\/wp\/v2\/pages"}],"about":[{"href":"https:\/\/ela-asso.be\/uk\/wp-json\/wp\/v2\/types\/page"}],"author":[{"embeddable":true,"href":"https:\/\/ela-asso.be\/uk\/wp-json\/wp\/v2\/users\/1"}],"replies":[{"embeddable":true,"href":"https:\/\/ela-asso.be\/uk\/wp-json\/wp\/v2\/comments?post=459"}],"version-history":[{"count":1,"href":"https:\/\/ela-asso.be\/uk\/wp-json\/wp\/v2\/pages\/459\/revisions"}],"predecessor-version":[{"id":5516,"href":"https:\/\/ela-asso.be\/uk\/wp-json\/wp\/v2\/pages\/459\/revisions\/5516"}],"wp:attachment":[{"href":"https:\/\/ela-asso.be\/uk\/wp-json\/wp\/v2\/media?parent=459"}],"curies":[{"name":"wp","href":"https:\/\/api.w.org\/{rel}","templated":true}]}}