{"id":51,"date":"2018-01-25T16:42:37","date_gmt":"2018-01-25T15:42:37","guid":{"rendered":"http:\/\/ela-asso.be\/?page_id=51"},"modified":"2026-01-14T12:42:16","modified_gmt":"2026-01-14T11:42:16","slug":"missions","status":"publish","type":"page","link":"https:\/\/ela-asso.be\/uk\/missions\/","title":{"rendered":""},"content":{"rendered":"\t\t<div data-elementor-type=\"wp-page\" data-elementor-id=\"51\" class=\"elementor elementor-51\" data-elementor-post-type=\"page\">\n\t\t\t\t<div class=\"elementor-element elementor-element-5c0dfff5 e-con-full e-flex e-con e-parent\" data-id=\"5c0dfff5\" data-element_type=\"container\" data-e-type=\"container\" data-settings=\"{&quot;background_background&quot;:&quot;classic&quot;}\">\n\t\t\t\t<div class=\"elementor-element elementor-element-65a06f5d elementor-widget elementor-widget-heading\" data-id=\"65a06f5d\" data-element_type=\"widget\" data-e-type=\"widget\" data-widget_type=\"heading.default\">\n\t\t\t\t<div class=\"elementor-widget-container\">\n\t\t\t\t\t<h1 class=\"elementor-heading-title elementor-size-default\">Missions<\/h1>\t\t\t\t<\/div>\n\t\t\t\t<\/div>\n\t\t\t\t<div class=\"elementor-element elementor-element-8662e94 elementor-widget elementor-widget-text-editor\" data-id=\"8662e94\" data-element_type=\"widget\" data-e-type=\"widget\" data-widget_type=\"text-editor.default\">\n\t\t\t\t<div class=\"elementor-widget-container\">\n\t\t\t\t\t\t\t\t\t<p>Accompagner \/ Soutenir \/ Sensibiliser<\/p>\t\t\t\t\t\t\t\t<\/div>\n\t\t\t\t<\/div>\n\t\t\t\t<\/div>\n\t\t<div class=\"elementor-element elementor-element-fe23d2d e-flex e-con-boxed e-con e-parent\" data-id=\"fe23d2d\" data-element_type=\"container\" data-e-type=\"container\">\n\t\t\t\t\t<div class=\"e-con-inner\">\n\t\t<div class=\"elementor-element elementor-element-04a4b39 e-con-full e-flex e-con e-child\" data-id=\"04a4b39\" data-element_type=\"container\" data-e-type=\"container\">\n\t\t\t\t<div class=\"elementor-element elementor-element-b2540ce elementor-widget elementor-widget-menu-anchor\" data-id=\"b2540ce\" data-element_type=\"widget\" data-e-type=\"widget\" data-widget_type=\"menu-anchor.default\">\n\t\t\t\t<div class=\"elementor-widget-container\">\n\t\t\t\t\t\t\t<div class=\"elementor-menu-anchor\" id=\"accompagner\"><\/div>\n\t\t\t\t\t\t<\/div>\n\t\t\t\t<\/div>\n\t\t\t\t<div class=\"elementor-element elementor-element-c1756d8 elementor-widget elementor-widget-heading\" data-id=\"c1756d8\" data-element_type=\"widget\" data-e-type=\"widget\" data-widget_type=\"heading.default\">\n\t\t\t\t<div class=\"elementor-widget-container\">\n\t\t\t\t\t<h2 class=\"elementor-heading-title elementor-size-default\">Accompagner les familles <\/h2>\t\t\t\t<\/div>\n\t\t\t\t<\/div>\n\t\t\t\t<div class=\"elementor-element elementor-element-6f90694 elementor-widget elementor-widget-text-editor\" data-id=\"6f90694\" data-element_type=\"widget\" data-e-type=\"widget\" data-widget_type=\"text-editor.default\">\n\t\t\t\t<div class=\"elementor-widget-container\">\n\t\t\t\t\t\t\t\t\t<p>Depuis sa cr\u00e9ation, ELA a toujours eu le souci de placer les familles concern\u00e9es par la maladie <strong>au centre<\/strong> de toutes ses actions. ELA propose avant tout <span style=\"color: #e41871;\"><strong>un lieu d\u2019\u00e9coute<\/strong><\/span> qui permet de se sentir <span style=\"color: #e41871;\">moins seul face<\/span> \u00e0 la maladie et \u00e0 ses cons\u00e9quences. L\u2019association constitue \u00e9galement un interlocuteur privil\u00e9gi\u00e9 sur lequel les familles peuvent compter pour <strong>trouver un soutien<\/strong> administratif, social, psychologique, mat\u00e9riel ou financier. ELA leur apporte les informations n\u00e9cessaires pour appr\u00e9hender au mieux la maladie et son \u00e9volution.<\/p><p>Les solutions, moyens et modalit\u00e9s d\u2019accompagnement sont <span style=\"color: #e41871;\">adapt\u00e9s aux diff\u00e9rents handicaps<\/span> rencontr\u00e9s (moteurs, sensoriels, cognitifs, psychiques, polyhandicaps). Chacun d\u2019entre eux n\u00e9cessite <strong>un accompagnement et des solutions<\/strong> tr\u00e8s sp\u00e9cifiques. Le caract\u00e8re \u00e9volutif de la pathologie, parfois marqu\u00e9 par des \u00e9volutions foudroyantes et rares, exige des adaptations constantes dans les moyens, la prise en charge et l\u2019accompagnement.<\/p><p>Chaque ann\u00e9e, nous organisons un <strong>week-end de r\u00e9pit<\/strong> pour les familles \u00e0 Center Parcs afin qu\u2019elles puissent se <span style=\"color: #e41871;\">r<span style=\"text-decoration: underline;\">etrouver, \u00e9changer, partage<\/span>r<\/span> et m\u00eame <span style=\"text-decoration: underline; color: #e41871;\">s\u2019accorder du temps<\/span> pour elles, ce qui n\u2019est parfois pas \u00e9vident avec cette maladie. Nous proposons un large \u00e9ventail d\u2019activit\u00e9s adapt\u00e9es, destin\u00e9es aux <strong>malades<\/strong>, \u00e0 leurs <strong>fratries<\/strong> et \u00e0 leurs <strong>parents<\/strong> : soins du corps, activit\u00e9s sportives adapt\u00e9es, ateliers cr\u00e9atifs, jeux, ateliers piscine, et bien plus encore.<\/p>\t\t\t\t\t\t\t\t<\/div>\n\t\t\t\t<\/div>\n\t\t\t\t<div class=\"elementor-element elementor-element-924b917 elementor-widget elementor-widget-menu-anchor\" data-id=\"924b917\" data-element_type=\"widget\" data-e-type=\"widget\" data-widget_type=\"menu-anchor.default\">\n\t\t\t\t<div class=\"elementor-widget-container\">\n\t\t\t\t\t\t\t<div class=\"elementor-menu-anchor\" id=\"soutenir\"><\/div>\n\t\t\t\t\t\t<\/div>\n\t\t\t\t<\/div>\n\t\t\t\t<\/div>\n\t\t<div class=\"elementor-element elementor-element-c8e6f67 e-flex e-con-boxed e-con e-child\" data-id=\"c8e6f67\" data-element_type=\"container\" data-e-type=\"container\">\n\t\t\t\t\t<div class=\"e-con-inner\">\n\t\t\t\t<div class=\"elementor-element elementor-element-223ac1f elementor-widget elementor-widget-image\" data-id=\"223ac1f\" data-element_type=\"widget\" data-e-type=\"widget\" data-widget_type=\"image.default\">\n\t\t\t\t<div class=\"elementor-widget-container\">\n\t\t\t\t\t\t\t\t\t\t\t\t\t\t\t<img fetchpriority=\"high\" decoding=\"async\" width=\"800\" height=\"532\" src=\"https:\/\/ela-asso.be\/wp-content\/uploads\/2025\/01\/famille-groupe--1024x681.jpg\" class=\"attachment-large size-large wp-image-3436\" alt=\"\" srcset=\"https:\/\/ela-asso.be\/wp-content\/uploads\/2025\/01\/famille-groupe--1024x681.jpg 1024w, https:\/\/ela-asso.be\/wp-content\/uploads\/2025\/01\/famille-groupe--300x200.jpg 300w, https:\/\/ela-asso.be\/wp-content\/uploads\/2025\/01\/famille-groupe--768x511.jpg 768w, https:\/\/ela-asso.be\/wp-content\/uploads\/2025\/01\/famille-groupe--1536x1021.jpg 1536w, https:\/\/ela-asso.be\/wp-content\/uploads\/2025\/01\/famille-groupe--600x399.jpg 600w, https:\/\/ela-asso.be\/wp-content\/uploads\/2025\/01\/famille-groupe-.jpg 1624w\" sizes=\"(max-width: 800px) 100vw, 800px\" \/>\t\t\t\t\t\t\t\t\t\t\t\t\t\t\t<\/div>\n\t\t\t\t<\/div>\n\t\t\t\t<div class=\"elementor-element elementor-element-9e8c89f elementor-widget elementor-widget-video\" data-id=\"9e8c89f\" data-element_type=\"widget\" data-e-type=\"widget\" data-settings=\"{&quot;youtube_url&quot;:&quot;https:\\\/\\\/www.youtube.com\\\/watch?v=9t0NGN6GFiM&quot;,&quot;video_type&quot;:&quot;youtube&quot;,&quot;controls&quot;:&quot;yes&quot;}\" data-widget_type=\"video.default\">\n\t\t\t\t<div class=\"elementor-widget-container\">\n\t\t\t\t\t\t\t<div class=\"elementor-wrapper elementor-open-inline\">\n\t\t\t<div class=\"elementor-video\"><\/div>\t\t<\/div>\n\t\t\t\t\t\t<\/div>\n\t\t\t\t<\/div>\n\t\t\t\t\t<\/div>\n\t\t\t\t<\/div>\n\t\t\t\t\t<\/div>\n\t\t\t\t<\/div>\n\t\t<div class=\"elementor-element elementor-element-5a4e439 e-flex e-con-boxed e-con e-parent\" data-id=\"5a4e439\" data-element_type=\"container\" data-e-type=\"container\">\n\t\t\t\t\t<div class=\"e-con-inner\">\n\t\t<div class=\"elementor-element elementor-element-2cbfe05 e-con-full e-flex e-con e-child\" data-id=\"2cbfe05\" data-element_type=\"container\" data-e-type=\"container\">\n\t\t\t\t<div class=\"elementor-element elementor-element-98c11ca elementor-widget elementor-widget-heading\" data-id=\"98c11ca\" data-element_type=\"widget\" data-e-type=\"widget\" data-widget_type=\"heading.default\">\n\t\t\t\t<div class=\"elementor-widget-container\">\n\t\t\t\t\t<h2 class=\"elementor-heading-title elementor-size-default\">Soutenir la recherche<\/h2>\t\t\t\t<\/div>\n\t\t\t\t<\/div>\n\t\t\t\t<div class=\"elementor-element elementor-element-5289e20 elementor-widget elementor-widget-text-editor\" data-id=\"5289e20\" data-element_type=\"widget\" data-e-type=\"widget\" data-widget_type=\"text-editor.default\">\n\t\t\t\t<div class=\"elementor-widget-container\">\n\t\t\t\t\t\t\t\t\t<p>L\u2019objectif d\u2019<strong>ELA<\/strong> est d\u2019aider les laboratoires de recherche et internationaux \u00e0 mieux <strong>comprendre<\/strong> les m\u00e9canismes de la maladie, \u00e0 <strong>identifier<\/strong> les g\u00e8nes qui en sont responsables et \u00e0 d\u00e9velopper de nouvelles strat\u00e9gies th\u00e9rapeutiques pour <strong>lutter<\/strong> contre les leucodystrophies.<\/p><p>Chaque ann\u00e9e, ELA lance un <span style=\"color: #e41871;\">appel d\u2019offre<\/span> et invite la communaut\u00e9 scientifique internationale \u00e0 soumettre des projets de recherche dans le domaine des leucodystrophies g\u00e9n\u00e9tiques, de l\u2019atteinte c\u00e9r\u00e9brale de la substance blanche chez l\u2019enfant pr\u00e9matur\u00e9 et de la r\u00e9paration de la my\u00e9line.<\/p><p>R\u00e9guli\u00e8rement, ELA organise <span style=\"color: #e41871;\">un congr\u00e8s scientifique<\/span> r\u00e9unissant les plus grands sp\u00e9cialistes internationaux des leucodystrophies et de la r\u00e9paration de la my\u00e9line. Cet \u00e9v\u00e9nement permet de faire le point sur les derni\u00e8res d\u00e9couvertes dans le domaine et de promouvoir les \u00e9changes et les collaborations entre laboratoires.<\/p><p><span style=\"color: #e41871;\">Un colloque<\/span> d\u00e9di\u00e9 aux patients et \u00e0 leurs familles est organis\u00e9 chaque ann\u00e9e. \u00c0 cette occasion, des sp\u00e9cialistes des leucodystrophies donnent une information vulgaris\u00e9e sur les avanc\u00e9es de la recherche et r\u00e9pondent \u00e0 leurs questions. C\u2019est un moment unique <span style=\"color: #e41871;\">d\u2019\u00e9changes entre chercheurs, familles et malades<\/span>.<\/p><p>ELA est le premier financeur de la recherche sur les leucodystrophies. Au total \u00e0 ce jour,<span style=\"color: #e41871;\"><strong> 601 projets de recherche<\/strong><\/span> ont \u00e9t\u00e9 financ\u00e9s pour un total de<span style=\"color: #e41871;\"><strong> 51,9 millions d\u2019euros.<\/strong><\/span><\/p>\t\t\t\t\t\t\t\t<\/div>\n\t\t\t\t<\/div>\n\t\t\t\t<div class=\"elementor-element elementor-element-e4fe8ad elementor-align-center elementor-widget elementor-widget-button\" data-id=\"e4fe8ad\" data-element_type=\"widget\" data-e-type=\"widget\" data-widget_type=\"button.default\">\n\t\t\t\t<div class=\"elementor-widget-container\">\n\t\t\t\t\t\t\t\t\t<div class=\"elementor-button-wrapper\">\n\t\t\t\t\t<a class=\"elementor-button elementor-button-link elementor-size-sm\" href=\"https:\/\/elainternational.eu\/la-recherche\/actualite-resultats-de-la-recherche\/\" target=\"_blank\">\n\t\t\t\t\t\t<span class=\"elementor-button-content-wrapper\">\n\t\t\t\t\t\t\t\t\t<span class=\"elementor-button-text\">Consulter les actualit\u00e9s de la Recherche<\/span>\n\t\t\t\t\t<\/span>\n\t\t\t\t\t<\/a>\n\t\t\t\t<\/div>\n\t\t\t\t\t\t\t\t<\/div>\n\t\t\t\t<\/div>\n\t\t\t\t<div class=\"elementor-element elementor-element-126596e elementor-widget elementor-widget-menu-anchor\" data-id=\"126596e\" data-element_type=\"widget\" data-e-type=\"widget\" data-widget_type=\"menu-anchor.default\">\n\t\t\t\t<div class=\"elementor-widget-container\">\n\t\t\t\t\t\t\t<div class=\"elementor-menu-anchor\" id=\"sensibiliser\"><\/div>\n\t\t\t\t\t\t<\/div>\n\t\t\t\t<\/div>\n\t\t\t\t<\/div>\n\t\t<div class=\"elementor-element elementor-element-0a3bdf1 e-con-full e-flex e-con e-child\" data-id=\"0a3bdf1\" data-element_type=\"container\" data-e-type=\"container\">\n\t\t\t\t<div class=\"elementor-element elementor-element-d70d5e5 elementor-widget elementor-widget-image\" data-id=\"d70d5e5\" data-element_type=\"widget\" data-e-type=\"widget\" data-widget_type=\"image.default\">\n\t\t\t\t<div class=\"elementor-widget-container\">\n\t\t\t\t\t\t\t\t\t\t\t\t\t\t\t<img decoding=\"async\" width=\"800\" height=\"450\" src=\"https:\/\/ela-asso.be\/wp-content\/uploads\/2024\/10\/recherche-ela-1024x576.png\" class=\"attachment-large size-large wp-image-2828\" alt=\"\" srcset=\"https:\/\/ela-asso.be\/wp-content\/uploads\/2024\/10\/recherche-ela-1024x576.png 1024w, https:\/\/ela-asso.be\/wp-content\/uploads\/2024\/10\/recherche-ela-300x169.png 300w, https:\/\/ela-asso.be\/wp-content\/uploads\/2024\/10\/recherche-ela-768x432.png 768w, https:\/\/ela-asso.be\/wp-content\/uploads\/2024\/10\/recherche-ela-465x262.png 465w, https:\/\/ela-asso.be\/wp-content\/uploads\/2024\/10\/recherche-ela-695x391.png 695w, https:\/\/ela-asso.be\/wp-content\/uploads\/2024\/10\/recherche-ela-600x338.png 600w, https:\/\/ela-asso.be\/wp-content\/uploads\/2024\/10\/recherche-ela.png 1064w\" sizes=\"(max-width: 800px) 100vw, 800px\" \/>\t\t\t\t\t\t\t\t\t\t\t\t\t\t\t<\/div>\n\t\t\t\t<\/div>\n\t\t\t\t<div class=\"elementor-element elementor-element-cc9b2b2 elementor-widget elementor-widget-video\" data-id=\"cc9b2b2\" data-element_type=\"widget\" data-e-type=\"widget\" data-settings=\"{&quot;youtube_url&quot;:&quot;https:\\\/\\\/www.youtube.com\\\/watch?v=Fyl94wGyr6c&amp;feature=youtu.be&quot;,&quot;video_type&quot;:&quot;youtube&quot;,&quot;controls&quot;:&quot;yes&quot;}\" data-widget_type=\"video.default\">\n\t\t\t\t<div class=\"elementor-widget-container\">\n\t\t\t\t\t\t\t<div class=\"elementor-wrapper elementor-open-inline\">\n\t\t\t<div class=\"elementor-video\"><\/div>\t\t<\/div>\n\t\t\t\t\t\t<\/div>\n\t\t\t\t<\/div>\n\t\t\t\t<\/div>\n\t\t\t\t\t<\/div>\n\t\t\t\t<\/div>\n\t\t<div class=\"elementor-element elementor-element-165a027 e-flex e-con-boxed e-con e-parent\" data-id=\"165a027\" data-element_type=\"container\" data-e-type=\"container\">\n\t\t\t\t\t<div class=\"e-con-inner\">\n\t\t<div class=\"elementor-element elementor-element-786f36a e-con-full e-flex e-con e-child\" data-id=\"786f36a\" data-element_type=\"container\" data-e-type=\"container\">\n\t\t\t\t<div class=\"elementor-element elementor-element-26a63e0 elementor-widget elementor-widget-heading\" data-id=\"26a63e0\" data-element_type=\"widget\" data-e-type=\"widget\" data-widget_type=\"heading.default\">\n\t\t\t\t<div class=\"elementor-widget-container\">\n\t\t\t\t\t<h2 class=\"elementor-heading-title elementor-size-default\">Sensibiliser l'opinion publique<\/h2>\t\t\t\t<\/div>\n\t\t\t\t<\/div>\n\t\t\t\t<div class=\"elementor-element elementor-element-0ff93f1 elementor-widget elementor-widget-text-editor\" data-id=\"0ff93f1\" data-element_type=\"widget\" data-e-type=\"widget\" data-widget_type=\"text-editor.default\">\n\t\t\t\t<div class=\"elementor-widget-container\">\n\t\t\t\t\t\t\t\t\t<p>ELA d\u00e9veloppe des moyens de<strong> sollicitation<\/strong>, de <strong>visibilit\u00e9<\/strong> et de<strong> collecte de fonds<\/strong>, avec une strat\u00e9gie \u00e0 court, moyen et long terme. Le but est de <span style=\"color: #e41871;\"><strong>g\u00e9n\u00e9rer des dons<\/strong><\/span> aupr\u00e8s de toutes les cibles potentielles afin de remplir ses missions.<\/p><p>ELA multiplie les actions de communication pour <strong>sensibiliser<\/strong> un large public aux <span style=\"color: #e41871;\">leucodystrophies<\/span>, maladies souvent m\u00e9connues, en favorisant :<\/p><ul><li>la <strong>mobilisation<\/strong> de tous les publics (particuliers, scolaires, entreprises, \u00e9lus, associations\u2026),<\/li><li>l\u2019engagement des <span style=\"color: #e41871;\"><strong>parrains<\/strong><\/span> et des <span style=\"color: #e41871;\"><strong>partenaires<\/strong><\/span>,<\/li><li>l\u2019organisation <strong>d\u2019\u00e9v\u00e9nements<\/strong>,<\/li><li>la pr\u00e9sence des familles et des parrains sur les \u00e9v\u00e9nements,<\/li><li>l\u2019envoi de mailings aux donateurs,<\/li><li>la possibilit\u00e9 de transmettre au-travers des <strong>legs, donations, assurances vie<\/strong>\u2026<\/li><li>le partenariat avec les <strong>m\u00e9dias<\/strong>,<\/li><li>la publication de la revue trimestrielle ELA Infos, un suppl\u00e9ment est \u00e9galement publi\u00e9e chaque ann\u00e9e, en juin, afin de retrouver facilement les r\u00e9sum\u00e9s des derni\u00e8res avanc\u00e9es scientifiques pr\u00e9sent\u00e9es lors du colloque familles-chercheurs,<\/li><li>l\u2019animation du site Internet et des <strong>r\u00e9seaux sociaux<\/strong> (Facebook, Instagram, LinkedIn\u2026),<\/li><li>la <strong>vente<\/strong> de produits ELA,<\/li><li>la mise en place de nouveaux outils de communication et d\u2019aide \u00e0 la lev\u00e9e de fonds\u2026<\/li><\/ul><p>Faire appel \u00e0 la <strong><span style=\"color: #e41871;\">g\u00e9n\u00e9rosit\u00e9<\/span><\/strong> publique est essentiel pour <span style=\"color: #e41871;\"><strong>financer <\/strong><\/span>les missions d\u2019ELA.<\/p>\t\t\t\t\t\t\t\t<\/div>\n\t\t\t\t<\/div>\n\t\t\t\t<\/div>\n\t\t<div class=\"elementor-element elementor-element-07f9d8b e-con-full e-flex e-con e-child\" data-id=\"07f9d8b\" data-element_type=\"container\" data-e-type=\"container\">\n\t\t\t\t<div class=\"elementor-element elementor-element-095358d elementor-widget elementor-widget-image\" data-id=\"095358d\" data-element_type=\"widget\" data-e-type=\"widget\" data-widget_type=\"image.default\">\n\t\t\t\t<div class=\"elementor-widget-container\">\n\t\t\t\t\t\t\t\t\t\t\t\t\t\t\t<img decoding=\"async\" width=\"800\" height=\"534\" src=\"https:\/\/ela-asso.be\/wp-content\/uploads\/2025\/01\/2024-06-07-ELA-Liege-40-1024x684.jpg\" class=\"attachment-large size-large wp-image-3433\" alt=\"\" srcset=\"https:\/\/ela-asso.be\/wp-content\/uploads\/2025\/01\/2024-06-07-ELA-Liege-40-1024x684.jpg 1024w, https:\/\/ela-asso.be\/wp-content\/uploads\/2025\/01\/2024-06-07-ELA-Liege-40-300x200.jpg 300w, https:\/\/ela-asso.be\/wp-content\/uploads\/2025\/01\/2024-06-07-ELA-Liege-40-768x513.jpg 768w, https:\/\/ela-asso.be\/wp-content\/uploads\/2025\/01\/2024-06-07-ELA-Liege-40-600x401.jpg 600w, https:\/\/ela-asso.be\/wp-content\/uploads\/2025\/01\/2024-06-07-ELA-Liege-40.jpg 1080w\" sizes=\"(max-width: 800px) 100vw, 800px\" \/>\t\t\t\t\t\t\t\t\t\t\t\t\t\t\t<\/div>\n\t\t\t\t<\/div>\n\t\t\t\t<div class=\"elementor-element elementor-element-a8e0704 elementor-widget elementor-widget-video\" data-id=\"a8e0704\" data-element_type=\"widget\" data-e-type=\"widget\" data-settings=\"{&quot;youtube_url&quot;:&quot;https:\\\/\\\/www.youtube.com\\\/watch?v=9t0NGN6GFiM&quot;,&quot;video_type&quot;:&quot;youtube&quot;,&quot;controls&quot;:&quot;yes&quot;}\" data-widget_type=\"video.default\">\n\t\t\t\t<div class=\"elementor-widget-container\">\n\t\t\t\t\t\t\t<div class=\"elementor-wrapper elementor-open-inline\">\n\t\t\t<div class=\"elementor-video\"><\/div>\t\t<\/div>\n\t\t\t\t\t\t<\/div>\n\t\t\t\t<\/div>\n\t\t\t\t<\/div>\n\t\t\t\t\t<\/div>\n\t\t\t\t<\/div>\n\t\t\t\t<\/div>\n\t\t","protected":false},"excerpt":{"rendered":"","protected":false},"author":1,"featured_media":0,"parent":0,"menu_order":0,"comment_status":"closed","ping_status":"closed","template":"","meta":{"footnotes":""},"class_list":["post-51","page","type-page","status-publish","hentry"],"_links":{"self":[{"href":"https:\/\/ela-asso.be\/uk\/wp-json\/wp\/v2\/pages\/51","targetHints":{"allow":["GET"]}}],"collection":[{"href":"https:\/\/ela-asso.be\/uk\/wp-json\/wp\/v2\/pages"}],"about":[{"href":"https:\/\/ela-asso.be\/uk\/wp-json\/wp\/v2\/types\/page"}],"author":[{"embeddable":true,"href":"https:\/\/ela-asso.be\/uk\/wp-json\/wp\/v2\/users\/1"}],"replies":[{"embeddable":true,"href":"https:\/\/ela-asso.be\/uk\/wp-json\/wp\/v2\/comments?post=51"}],"version-history":[{"count":1,"href":"https:\/\/ela-asso.be\/uk\/wp-json\/wp\/v2\/pages\/51\/revisions"}],"predecessor-version":[{"id":6060,"href":"https:\/\/ela-asso.be\/uk\/wp-json\/wp\/v2\/pages\/51\/revisions\/6060"}],"wp:attachment":[{"href":"https:\/\/ela-asso.be\/uk\/wp-json\/wp\/v2\/media?parent=51"}],"curies":[{"name":"wp","href":"https:\/\/api.w.org\/{rel}","templated":true}]}}